{"id":22504,"date":"2025-10-15T04:10:42","date_gmt":"2025-10-15T04:10:42","guid":{"rendered":"http:\/\/pikatek.local\/?page_id=22504"},"modified":"2025-10-15T04:18:31","modified_gmt":"2025-10-15T04:18:31","slug":"pika-dwh","status":"publish","type":"page","link":"https:\/\/pika-tek.com\/v3\/sq\/pika-dwh\/","title":{"rendered":"PIKA DWH"},"content":{"rendered":"\t\t<div data-elementor-type=\"wp-page\" data-elementor-id=\"22504\" class=\"elementor elementor-22504\">\n\t\t\t\t<div class=\"elementor-element elementor-element-b7bacda e-flex e-con-boxed e-con e-parent\" data-id=\"b7bacda\" data-element_type=\"container\" data-e-type=\"container\">\n\t\t\t\t\t<div class=\"e-con-inner\">\n\t\t\t\t<div class=\"elementor-element elementor-element-6774d43 elementor-widget elementor-widget-heading\" data-id=\"6774d43\" data-element_type=\"widget\" data-e-type=\"widget\" data-settings=\"{&quot;ekit_we_effect_on&quot;:&quot;none&quot;}\" data-widget_type=\"heading.default\">\n\t\t\t\t<div class=\"elementor-widget-container\">\n\t\t\t\t\t<h3 class=\"elementor-heading-title elementor-size-default\">PIKADWH \u2014 Organizoni dhe optimizoni t\u00eb dh\u00ebnat tuaja me nj\u00eb zgjidhje t\u00eb fuqishme Data Warehouse.<\/h3>\t\t\t\t<\/div>\n\t\t\t\t<\/div>\n\t\t<div class=\"elementor-element elementor-element-4ec3c48 e-con-full e-flex e-con e-child\" data-id=\"4ec3c48\" data-element_type=\"container\" data-e-type=\"container\">\n\t\t\t\t<div class=\"elementor-element elementor-element-c4b6521 elementor-widget elementor-widget-text-editor\" data-id=\"c4b6521\" data-element_type=\"widget\" data-e-type=\"widget\" data-settings=\"{&quot;ekit_we_effect_on&quot;:&quot;none&quot;}\" data-widget_type=\"text-editor.default\">\n\t\t\t\t<div class=\"elementor-widget-container\">\n\t\t\t\t\t\t\t\t\t<p><strong>PIKADWH<\/strong> ju mund\u00ebson t\u00eb <strong>shihni biznesin tuaj<\/strong> nga \u00e7do k\u00ebnd \u2014 grumbullim i dh\u00ebnash nga shum\u00eb burime,<strong> analitika e avancuar<\/strong> dhe insight-e t\u00eb thella <strong>p\u00ebr vendimmarrje t\u00eb bazuar n\u00eb t\u00eb dh\u00ebna.<\/strong><\/p>\t\t\t\t\t\t\t\t<\/div>\n\t\t\t\t<\/div>\n\t\t\t\t<\/div>\n\t\t\t\t\t<\/div>\n\t\t\t\t<\/div>\n\t\t<div class=\"elementor-element elementor-element-500ee3a e-grid e-con-boxed e-con e-parent\" data-id=\"500ee3a\" data-element_type=\"container\" data-e-type=\"container\">\n\t\t\t\t\t<div class=\"e-con-inner\">\n\t\t<div class=\"elementor-element elementor-element-e00bf84 e-con-full e-flex e-con e-child\" data-id=\"e00bf84\" data-element_type=\"container\" data-e-type=\"container\">\n\t\t\t\t<div class=\"elementor-element elementor-element-095e8b1 animated-fast elementor-invisible elementor-widget elementor-widget-elementskit-heading\" data-id=\"095e8b1\" data-element_type=\"widget\" data-e-type=\"widget\" data-settings=\"{&quot;_animation&quot;:&quot;fadeIn&quot;,&quot;_animation_delay&quot;:100,&quot;ekit_we_effect_on&quot;:&quot;css&quot;}\" data-widget_type=\"elementskit-heading.default\">\n\t\t\t\t<div class=\"elementor-widget-container\">\n\t\t\t\t\t<div class=\"ekit-wid-con\" ><div class=\"ekit-heading elementskit-section-title-wraper text_left   ekit_heading_tablet-   ekit_heading_mobile-text_left\"><h2 class=\"ekit-heading--title elementskit-section-title \"><span><span>Ve\u00e7orit\u00eb Kryesore:<\/span><\/span> <\/h2><\/div><\/div>\t\t\t\t<\/div>\n\t\t\t\t<\/div>\n\t\t<div class=\"elementor-element elementor-element-2f61098 e-con-full e-flex e-con e-child\" data-id=\"2f61098\" data-element_type=\"container\" data-e-type=\"container\">\n\t\t\t\t<div class=\"elementor-element elementor-element-d21365e keydesign-h6 animated-fast elementor-invisible elementor-widget elementor-widget-elementskit-stylish-list\" data-id=\"d21365e\" data-element_type=\"widget\" data-e-type=\"widget\" data-settings=\"{&quot;_animation&quot;:&quot;fadeIn&quot;,&quot;_animation_delay&quot;:300,&quot;ekit_we_effect_on&quot;:&quot;none&quot;}\" data-widget_type=\"elementskit-stylish-list.default\">\n\t\t\t\t<div class=\"elementor-widget-container\">\n\t\t\t\t\t<div class=\"ekit-wid-con\">\t\t<ul class=\"ekit-stylish-list \" >\n\t\t\t\t\t\t\t<li class=\"ekit-stylish-list-content-wrapper elementor-repeater-item-9176c3a\" >\n\t\t\t\t\t\t\t\t\t\t<div class=\"ekit-stylish-list-content\">\n\t\t\t\t\t\t\t\t\t\t\t\t\t\t\t\t\t\t\t<div class=\"ekit-stylish-list-content-icon\">\t\t\t\n\t\t\t\t\t\t\t\t<i aria-hidden=\"true\" class=\"icon icon-check\"><\/i>\t\t\t\n\t\t\t\t\t\t\t<\/div>\n\t\t\t\t\t\t\t\t\t\t\t\t\t\t\t\t\t\t<div class=\"ekit-stylish-list-content-text\">\n\t\t\t\t\t\t\t<span class=\"ekit-stylish-list-content-title\">T\u00eb dh\u00ebna t\u00eb organizuara n\u00eb nj\u00eb vend \u2014 integron informacion nga Jira, HubSpot, CRM, sistemet e faturimit dhe burime t\u00eb tjera.<\/span>\n\t\t\t\t\t\t\t\t\t\t\t\t\t<\/div>\n\t\t\t\t\t\t\t\t\t\t\t<\/div>\n\t\t\t\t\t\n\t\t\t\t<\/li>\n\t\t\t\t\t\t\t\t\t\t\t<li class=\"ekit-stylish-list-content-wrapper elementor-repeater-item-aa8aca8\" >\n\t\t\t\t\t\t\t\t\t\t<div class=\"ekit-stylish-list-content\">\n\t\t\t\t\t\t\t\t\t\t\t\t\t\t\t\t\t\t\t<div class=\"ekit-stylish-list-content-icon\">\t\t\t\n\t\t\t\t\t\t\t\t<i aria-hidden=\"true\" class=\"icon icon-check\"><\/i>\t\t\t\n\t\t\t\t\t\t\t<\/div>\n\t\t\t\t\t\t\t\t\t\t\t\t\t\t\t\t\t\t<div class=\"ekit-stylish-list-content-text\">\n\t\t\t\t\t\t\t<span class=\"ekit-stylish-list-content-title\">ETL dhe Transformim t\u00eb Dh\u00ebnash \u2014 P\u00ebrpunim dhe pastrim efikas i t\u00eb dh\u00ebnave.<\/span>\n\t\t\t\t\t\t\t\t\t\t\t\t\t<\/div>\n\t\t\t\t\t\t\t\t\t\t\t<\/div>\n\t\t\t\t\t\n\t\t\t\t<\/li>\n\t\t\t\t\t\t\t\t\t\t\t<li class=\"ekit-stylish-list-content-wrapper elementor-repeater-item-b4e5723\" >\n\t\t\t\t\t\t\t\t\t\t<div class=\"ekit-stylish-list-content\">\n\t\t\t\t\t\t\t\t\t\t\t\t\t\t\t\t\t\t\t<div class=\"ekit-stylish-list-content-icon\">\t\t\t\n\t\t\t\t\t\t\t\t<i aria-hidden=\"true\" class=\"icon icon-check\"><\/i>\t\t\t\n\t\t\t\t\t\t\t<\/div>\n\t\t\t\t\t\t\t\t\t\t\t\t\t\t\t\t\t\t<div class=\"ekit-stylish-list-content-text\">\n\t\t\t\t\t\t\t<span class=\"ekit-stylish-list-content-title\">Nga momenti i tanish\u00ebm tek t\u00eb dh\u00ebnat e s\u00eb kaluar\u00ebs \u2014 mb\u00ebshtetje p\u00ebr analitik\u00eb n\u00eb koh\u00eb reale dhe historike.<\/span>\n\t\t\t\t\t\t\t\t\t\t\t\t\t<\/div>\n\t\t\t\t\t\t\t\t\t\t\t<\/div>\n\t\t\t\t\t\n\t\t\t\t<\/li>\n\t\t\t\t\t\t\t\t\t\t\t<li class=\"ekit-stylish-list-content-wrapper elementor-repeater-item-afc088e\" >\n\t\t\t\t\t\t\t\t\t\t<div class=\"ekit-stylish-list-content\">\n\t\t\t\t\t\t\t\t\t\t\t\t\t\t\t\t\t\t\t<div class=\"ekit-stylish-list-content-icon\">\t\t\t\n\t\t\t\t\t\t\t\t<i aria-hidden=\"true\" class=\"icon icon-check\"><\/i>\t\t\t\n\t\t\t\t\t\t\t<\/div>\n\t\t\t\t\t\t\t\t\t\t\t\t\t\t\t\t\t\t<div class=\"ekit-stylish-list-content-text\">\n\t\t\t\t\t\t\t<span class=\"ekit-stylish-list-content-title\">Shpejt\u00ebsi dhe performanc\u00eb maksimale \u2014 optimizuar p\u00ebr PostgreSQL, MySQL dhe Big Data.<\/span>\n\t\t\t\t\t\t\t\t\t\t\t\t\t<\/div>\n\t\t\t\t\t\t\t\t\t\t\t<\/div>\n\t\t\t\t\t\n\t\t\t\t<\/li>\n\t\t\t\t\t\t\t\t\t\t\t<li class=\"ekit-stylish-list-content-wrapper elementor-repeater-item-2ebc32e\" >\n\t\t\t\t\t\t\t\t\t\t<div class=\"ekit-stylish-list-content\">\n\t\t\t\t\t\t\t\t\t\t\t\t\t\t\t\t\t\t\t<div class=\"ekit-stylish-list-content-icon\">\t\t\t\n\t\t\t\t\t\t\t\t<i aria-hidden=\"true\" class=\"icon icon-check\"><\/i>\t\t\t\n\t\t\t\t\t\t\t<\/div>\n\t\t\t\t\t\t\t\t\t\t\t\t\t\t\t\t\t\t<div class=\"ekit-stylish-list-content-text\">\n\t\t\t\t\t\t\t<span class=\"ekit-stylish-list-content-title\">Insight-e t\u00eb fuqishme p\u00ebr biznesin \u2014 kompatibilitet i plot\u00eb me Tableau, Power BI dhe dashboard-e t\u00eb personalizuara.<\/span>\n\t\t\t\t\t\t\t\t\t\t\t\t\t<\/div>\n\t\t\t\t\t\t\t\t\t\t\t<\/div>\n\t\t\t\t\t\n\t\t\t\t<\/li>\n\t\t\t\t\t\t\t\t\t\t\t<li class=\"ekit-stylish-list-content-wrapper elementor-repeater-item-3f9b1f5\" >\n\t\t\t\t\t\t\t\t\t\t<div class=\"ekit-stylish-list-content\">\n\t\t\t\t\t\t\t\t\t\t\t\t\t\t\t\t\t\t\t<div class=\"ekit-stylish-list-content-icon\">\t\t\t\n\t\t\t\t\t\t\t\t<i aria-hidden=\"true\" class=\"icon icon-check\"><\/i>\t\t\t\n\t\t\t\t\t\t\t<\/div>\n\t\t\t\t\t\t\t\t\t\t\t\t\t\t\t\t\t\t<div class=\"ekit-stylish-list-content-text\">\n\t\t\t\t\t\t\t<span class=\"ekit-stylish-list-content-title\">Gjurmueshm\u00ebri totale \u2014 monitoron \u00e7do sinkronizim, transformim dhe zbulim t\u00eb pazakont\u00eb t\u00eb t\u00eb dh\u00ebnave.<\/span>\n\t\t\t\t\t\t\t\t\t\t\t\t\t<\/div>\n\t\t\t\t\t\t\t\t\t\t\t<\/div>\n\t\t\t\t\t\n\t\t\t\t<\/li>\n\t\t\t\t\t\t\t\t\t<\/ul>\n\t<\/div>\t\t\t\t<\/div>\n\t\t\t\t<\/div>\n\t\t\t\t<\/div>\n\t\t\t\t<\/div>\n\t\t\t\t<div class=\"elementor-element elementor-element-6b0c1db elementor-widget elementor-widget-image\" data-id=\"6b0c1db\" data-element_type=\"widget\" data-e-type=\"widget\" data-settings=\"{&quot;ekit_we_effect_on&quot;:&quot;none&quot;}\" data-widget_type=\"image.default\">\n\t\t\t\t<div class=\"elementor-widget-container\">\n\t\t\t\t\t\t\t\t\t\t\t\t\t\t\t<img fetchpriority=\"high\" decoding=\"async\" width=\"736\" height=\"414\" src=\"https:\/\/pika-tek.com\/v3\/wp-content\/uploads\/2025\/10\/IT-Sector.jpg\" class=\"attachment-large size-large wp-image-22199\" alt=\"\" srcset=\"https:\/\/pika-tek.com\/v3\/wp-content\/uploads\/2025\/10\/IT-Sector.jpg 736w, https:\/\/pika-tek.com\/v3\/wp-content\/uploads\/2025\/10\/IT-Sector-300x169.jpg 300w, https:\/\/pika-tek.com\/v3\/wp-content\/uploads\/2025\/10\/IT-Sector-710x399.jpg 710w\" sizes=\"(max-width: 736px) 100vw, 736px\" \/>\t\t\t\t\t\t\t\t\t\t\t\t\t\t\t<\/div>\n\t\t\t\t<\/div>\n\t\t\t\t\t<\/div>\n\t\t\t\t<\/div>\n\t\t\t\t<\/div>\n\t\t","protected":false},"excerpt":{"rendered":"<p>PIKADWH \u2014 Organizoni dhe optimizoni t\u00eb dh\u00ebnat tuaja me nj\u00eb zgjidhje t\u00eb fuqishme Data Warehouse. PIKADWH ju mund\u00ebson t\u00eb shihni biznesin tuaj nga \u00e7do k\u00ebnd \u2014 grumbullim i dh\u00ebnash nga shum\u00eb burime, analitika e avancuar dhe insight-e t\u00eb thella p\u00ebr vendimmarrje t\u00eb bazuar n\u00eb t\u00eb dh\u00ebna. Ve\u00e7orit\u00eb Kryesore: T\u00eb dh\u00ebna t\u00eb organizuara n\u00eb nj\u00eb vend [&hellip;]<\/p>\n","protected":false},"author":2,"featured_media":0,"parent":0,"menu_order":0,"comment_status":"closed","ping_status":"closed","template":"elementor_header_footer","meta":{"_eb_attr":"","footnotes":""},"class_list":["post-22504","page","type-page","status-publish","hentry"],"_links":{"self":[{"href":"https:\/\/pika-tek.com\/v3\/wp-json\/wp\/v2\/pages\/22504","targetHints":{"allow":["GET"]}}],"collection":[{"href":"https:\/\/pika-tek.com\/v3\/wp-json\/wp\/v2\/pages"}],"about":[{"href":"https:\/\/pika-tek.com\/v3\/wp-json\/wp\/v2\/types\/page"}],"author":[{"embeddable":true,"href":"https:\/\/pika-tek.com\/v3\/wp-json\/wp\/v2\/users\/2"}],"replies":[{"embeddable":true,"href":"https:\/\/pika-tek.com\/v3\/wp-json\/wp\/v2\/comments?post=22504"}],"version-history":[{"count":4,"href":"https:\/\/pika-tek.com\/v3\/wp-json\/wp\/v2\/pages\/22504\/revisions"}],"predecessor-version":[{"id":22509,"href":"https:\/\/pika-tek.com\/v3\/wp-json\/wp\/v2\/pages\/22504\/revisions\/22509"}],"wp:attachment":[{"href":"https:\/\/pika-tek.com\/v3\/wp-json\/wp\/v2\/media?parent=22504"}],"curies":[{"name":"wp","href":"https:\/\/api.w.org\/{rel}","templated":true}]}}