{"id":22488,"date":"2025-10-15T03:40:27","date_gmt":"2025-10-15T03:40:27","guid":{"rendered":"http:\/\/pikatek.local\/?page_id=22488"},"modified":"2025-10-15T03:52:05","modified_gmt":"2025-10-15T03:52:05","slug":"pikatek-sistemet","status":"publish","type":"page","link":"https:\/\/pika-tek.com\/v3\/sq\/pikatek-sistemet\/","title":{"rendered":"PIKATEK SISTEMET"},"content":{"rendered":"\t\t<div data-elementor-type=\"wp-page\" data-elementor-id=\"22488\" class=\"elementor elementor-22488\">\n\t\t\t\t<div class=\"elementor-element elementor-element-d1c37da e-flex e-con-boxed e-con e-parent\" data-id=\"d1c37da\" data-element_type=\"container\" data-e-type=\"container\">\n\t\t\t\t\t<div class=\"e-con-inner\">\n\t\t\t\t<div class=\"elementor-element elementor-element-628cff6 elementor-widget elementor-widget-heading\" data-id=\"628cff6\" data-element_type=\"widget\" data-e-type=\"widget\" data-settings=\"{&quot;ekit_we_effect_on&quot;:&quot;none&quot;}\" data-widget_type=\"heading.default\">\n\t\t\t\t<div class=\"elementor-widget-container\">\n\t\t\t\t\t<h2 class=\"elementor-heading-title elementor-size-default\">PIKATEK Sistemet<\/h2>\t\t\t\t<\/div>\n\t\t\t\t<\/div>\n\t\t\t\t<div class=\"elementor-element elementor-element-ebcd401 elementor-widget elementor-widget-heading\" data-id=\"ebcd401\" data-element_type=\"widget\" data-e-type=\"widget\" data-settings=\"{&quot;ekit_we_effect_on&quot;:&quot;none&quot;}\" data-widget_type=\"heading.default\">\n\t\t\t\t<div class=\"elementor-widget-container\">\n\t\t\t\t\t<h3 class=\"elementor-heading-title elementor-size-default\">Zgjidhje inteligjente p\u00ebr sfida t\u00eb m\u00ebdha dhe mund\u00ebsi pa limite.<\/h3>\t\t\t\t<\/div>\n\t\t\t\t<\/div>\n\t\t\t\t\t<\/div>\n\t\t\t\t<\/div>\n\t\t<div class=\"elementor-element elementor-element-a90e9ee e-grid e-con-boxed e-con e-parent\" data-id=\"a90e9ee\" data-element_type=\"container\" data-e-type=\"container\">\n\t\t\t\t\t<div class=\"e-con-inner\">\n\t\t<div class=\"elementor-element elementor-element-9864f6c e-con-full e-flex e-con e-child\" data-id=\"9864f6c\" data-element_type=\"container\" data-e-type=\"container\">\n\t\t\t\t<div class=\"elementor-element elementor-element-5a930ff animated-fast elementor-invisible elementor-widget elementor-widget-elementskit-heading\" data-id=\"5a930ff\" data-element_type=\"widget\" data-e-type=\"widget\" data-settings=\"{&quot;_animation&quot;:&quot;fadeIn&quot;,&quot;_animation_delay&quot;:100,&quot;ekit_we_effect_on&quot;:&quot;css&quot;}\" data-widget_type=\"elementskit-heading.default\">\n\t\t\t\t<div class=\"elementor-widget-container\">\n\t\t\t\t\t<div class=\"ekit-wid-con\" ><div class=\"ekit-heading elementskit-section-title-wraper text_left   ekit_heading_tablet-   ekit_heading_mobile-text_left\"><h5 class=\"ekit-heading--title elementskit-section-title \"><span><span>\u00c7far\u00eb e b\u00ebn PIKATEK Sistemet zgjedhjen ideale p\u00ebr biznesin tuaj?<\/span><\/span> <\/h5><\/div><\/div>\t\t\t\t<\/div>\n\t\t\t\t<\/div>\n\t\t<div class=\"elementor-element elementor-element-bec920f e-con-full e-flex e-con e-child\" data-id=\"bec920f\" data-element_type=\"container\" data-e-type=\"container\">\n\t\t\t\t<div class=\"elementor-element elementor-element-22869b8 keydesign-h6 animated-fast elementor-invisible elementor-widget elementor-widget-elementskit-stylish-list\" data-id=\"22869b8\" data-element_type=\"widget\" data-e-type=\"widget\" data-settings=\"{&quot;_animation&quot;:&quot;fadeIn&quot;,&quot;_animation_delay&quot;:300,&quot;ekit_we_effect_on&quot;:&quot;none&quot;}\" data-widget_type=\"elementskit-stylish-list.default\">\n\t\t\t\t<div class=\"elementor-widget-container\">\n\t\t\t\t\t<div class=\"ekit-wid-con\">\t\t<ul class=\"ekit-stylish-list \" >\n\t\t\t\t\t\t\t<li class=\"ekit-stylish-list-content-wrapper elementor-repeater-item-9176c3a\" >\n\t\t\t\t\t\t\t\t\t\t<div class=\"ekit-stylish-list-content\">\n\t\t\t\t\t\t\t\t\t\t\t\t\t\t\t\t\t\t\t<div class=\"ekit-stylish-list-content-icon\">\t\t\t\n\t\t\t\t\t\t\t\t<i aria-hidden=\"true\" class=\"icon icon-check\"><\/i>\t\t\t\n\t\t\t\t\t\t\t<\/div>\n\t\t\t\t\t\t\t\t\t\t\t\t\t\t\t\t\t\t<div class=\"ekit-stylish-list-content-text\">\n\t\t\t\t\t\t\t<span class=\"ekit-stylish-list-content-title\">Ekspertiz\u00eb q\u00eb krijon besim \u2013 P\u00ebr nd\u00ebrmarrjet dhe ofruesit e sh\u00ebrbimeve.<\/span>\n\t\t\t\t\t\t\t\t\t\t\t\t\t<\/div>\n\t\t\t\t\t\t\t\t\t\t\t<\/div>\n\t\t\t\t\t\n\t\t\t\t<\/li>\n\t\t\t\t\t\t\t\t\t\t\t<li class=\"ekit-stylish-list-content-wrapper elementor-repeater-item-aa8aca8\" >\n\t\t\t\t\t\t\t\t\t\t<div class=\"ekit-stylish-list-content\">\n\t\t\t\t\t\t\t\t\t\t\t\t\t\t\t\t\t\t\t<div class=\"ekit-stylish-list-content-icon\">\t\t\t\n\t\t\t\t\t\t\t\t<i aria-hidden=\"true\" class=\"icon icon-check\"><\/i>\t\t\t\n\t\t\t\t\t\t\t<\/div>\n\t\t\t\t\t\t\t\t\t\t\t\t\t\t\t\t\t\t<div class=\"ekit-stylish-list-content-text\">\n\t\t\t\t\t\t\t<span class=\"ekit-stylish-list-content-title\">Nga \u00e7do ide tek \u00e7do sfid\u00eb \u2014 zgjidhje q\u00eb p\u00ebrshtaten me biznesin tuaj unik.<\/span>\n\t\t\t\t\t\t\t\t\t\t\t\t\t<\/div>\n\t\t\t\t\t\t\t\t\t\t\t<\/div>\n\t\t\t\t\t\n\t\t\t\t<\/li>\n\t\t\t\t\t\t\t\t\t\t\t<li class=\"ekit-stylish-list-content-wrapper elementor-repeater-item-b4e5723\" >\n\t\t\t\t\t\t\t\t\t\t<div class=\"ekit-stylish-list-content\">\n\t\t\t\t\t\t\t\t\t\t\t\t\t\t\t\t\t\t\t<div class=\"ekit-stylish-list-content-icon\">\t\t\t\n\t\t\t\t\t\t\t\t<i aria-hidden=\"true\" class=\"icon icon-check\"><\/i>\t\t\t\n\t\t\t\t\t\t\t<\/div>\n\t\t\t\t\t\t\t\t\t\t\t\t\t\t\t\t\t\t<div class=\"ekit-stylish-list-content-text\">\n\t\t\t\t\t\t\t<span class=\"ekit-stylish-list-content-title\">Nga ERP te CRM, nga VoIP te telekomi  \u2014 integrime q\u00eb funksionojn\u00eb natyrsh\u00ebm dhe pa nd\u00ebrprerje.<\/span>\n\t\t\t\t\t\t\t\t\t\t\t\t\t<\/div>\n\t\t\t\t\t\t\t\t\t\t\t<\/div>\n\t\t\t\t\t\n\t\t\t\t<\/li>\n\t\t\t\t\t\t\t\t\t\t\t<li class=\"ekit-stylish-list-content-wrapper elementor-repeater-item-afc088e\" >\n\t\t\t\t\t\t\t\t\t\t<div class=\"ekit-stylish-list-content\">\n\t\t\t\t\t\t\t\t\t\t\t\t\t\t\t\t\t\t\t<div class=\"ekit-stylish-list-content-icon\">\t\t\t\n\t\t\t\t\t\t\t\t<i aria-hidden=\"true\" class=\"icon icon-check\"><\/i>\t\t\t\n\t\t\t\t\t\t\t<\/div>\n\t\t\t\t\t\t\t\t\t\t\t\t\t\t\t\t\t\t<div class=\"ekit-stylish-list-content-text\">\n\t\t\t\t\t\t\t<span class=\"ekit-stylish-list-content-title\">Performanc\u00eb e lart\u00eb dhe siguri \u2014 e optimizuar p\u00ebr ngarkesa t\u00eb m\u00ebdha, p\u00ebrputhshm\u00ebri dhe mbrojtje t\u00eb t\u00eb dh\u00ebnave.<\/span>\n\t\t\t\t\t\t\t\t\t\t\t\t\t<\/div>\n\t\t\t\t\t\t\t\t\t\t\t<\/div>\n\t\t\t\t\t\n\t\t\t\t<\/li>\n\t\t\t\t\t\t\t\t\t\t\t<li class=\"ekit-stylish-list-content-wrapper elementor-repeater-item-2ebc32e\" >\n\t\t\t\t\t\t\t\t\t\t<div class=\"ekit-stylish-list-content\">\n\t\t\t\t\t\t\t\t\t\t\t\t\t\t\t\t\t\t\t<div class=\"ekit-stylish-list-content-icon\">\t\t\t\n\t\t\t\t\t\t\t\t<i aria-hidden=\"true\" class=\"icon icon-check\"><\/i>\t\t\t\n\t\t\t\t\t\t\t<\/div>\n\t\t\t\t\t\t\t\t\t\t\t\t\t\t\t\t\t\t<div class=\"ekit-stylish-list-content-text\">\n\t\t\t\t\t\t\t<span class=\"ekit-stylish-list-content-title\">PIKATEK Systems ju mund\u00ebson t\u00eb automatizoni pun\u00ebn, t\u00eb optimizoni operacionet e telekomit, t\u00eb angazhoni m\u00eb mir\u00eb klient\u00ebt dhe t\u00eb rritni infrastruktur\u00ebn me leht\u00ebsi.<\/span>\n\t\t\t\t\t\t\t\t\t\t\t\t\t<\/div>\n\t\t\t\t\t\t\t\t\t\t\t<\/div>\n\t\t\t\t\t\n\t\t\t\t<\/li>\n\t\t\t\t\t\t\t\t\t<\/ul>\n\t<\/div>\t\t\t\t<\/div>\n\t\t\t\t<\/div>\n\t\t\t\t<\/div>\n\t\t\t\t<\/div>\n\t\t\t\t<div class=\"elementor-element elementor-element-b76aa4f elementor-widget elementor-widget-text-editor\" data-id=\"b76aa4f\" data-element_type=\"widget\" data-e-type=\"widget\" data-settings=\"{&quot;ekit_we_effect_on&quot;:&quot;none&quot;}\" data-widget_type=\"text-editor.default\">\n\t\t\t\t<div class=\"elementor-widget-container\">\n\t\t\t\t\t\t\t\t\t<p data-start=\"168\" data-end=\"592\"><strong data-start=\"168\" data-end=\"370\">PIKATEK Systems \u00ebsht\u00eb nj\u00eb suit\u00eb softuerike e bazuar n\u00eb teknologji, e dizajnuar p\u00ebr t\u00eb p\u00ebrmir\u00ebsuar operacionet e biznesit, p\u00ebr t\u00eb thjeshtuar komunikimin dhe p\u00ebr t\u00eb optimizuar menaxhimin e t\u00eb dh\u00ebnave.<\/strong><br data-start=\"370\" data-end=\"373\" \/>Zgjidhjet tona jan\u00eb t\u00eb p\u00ebrshtatura p\u00ebr <strong data-start=\"412\" data-end=\"475\">ofruesit e telekomit, nd\u00ebrmarrjet dhe bizneset e sh\u00ebrbimeve<\/strong>, duke ofruar <strong data-start=\"489\" data-end=\"589\">CRM t\u00eb avancuar, VoIP, SMS, dhe zgjidhje migrimi<\/strong>.<\/p><p data-start=\"594\" data-end=\"947\">Me nj\u00eb <strong data-start=\"601\" data-end=\"705\">baz\u00eb t\u00eb fort\u00eb n\u00eb arkitektur\u00ebn e softuerit, optimizimin e bazave t\u00eb t\u00eb dh\u00ebnave dhe integrimet telekom<\/strong>, PIKATEK Systems garanton <strong data-start=\"732\" data-end=\"785\">performanc\u00eb t\u00eb lart\u00eb dhe siguri.<\/strong><br data-start=\"786\" data-end=\"789\" \/>Zgjidhjet tona <strong data-start=\"804\" data-end=\"874\">modulare integrohen pa probleme me mjediset ekzistuese t\u00eb biznesit<\/strong>, duke mund\u00ebsuar <strong data-start=\"891\" data-end=\"944\">automatizim, efikasitet dhe rritje t\u00eb q\u00ebndrueshme<\/strong>.<\/p>\t\t\t\t\t\t\t\t<\/div>\n\t\t\t\t<\/div>\n\t\t\t\t\t<\/div>\n\t\t\t\t<\/div>\n\t\t<div class=\"elementor-element elementor-element-d8e4157 e-flex e-con-boxed e-con e-parent\" data-id=\"d8e4157\" data-element_type=\"container\" data-e-type=\"container\">\n\t\t\t\t\t<div class=\"e-con-inner\">\n\t\t\t\t<div class=\"elementor-element elementor-element-7fae195 elementor-widget elementor-widget-image\" data-id=\"7fae195\" data-element_type=\"widget\" data-e-type=\"widget\" data-settings=\"{&quot;ekit_we_effect_on&quot;:&quot;none&quot;}\" data-widget_type=\"image.default\">\n\t\t\t\t<div class=\"elementor-widget-container\">\n\t\t\t\t\t\t\t\t\t\t\t\t\t\t\t<img fetchpriority=\"high\" decoding=\"async\" width=\"1024\" height=\"606\" src=\"https:\/\/pika-tek.com\/v3\/wp-content\/uploads\/2025\/10\/PIKA_Systems-1536x909-2-1024x606.png\" class=\"attachment-large size-large wp-image-22218\" alt=\"\" srcset=\"https:\/\/pika-tek.com\/v3\/wp-content\/uploads\/2025\/10\/PIKA_Systems-1536x909-2-1024x606.png 1024w, https:\/\/pika-tek.com\/v3\/wp-content\/uploads\/2025\/10\/PIKA_Systems-1536x909-2-300x178.png 300w, https:\/\/pika-tek.com\/v3\/wp-content\/uploads\/2025\/10\/PIKA_Systems-1536x909-2-768x455.png 768w, https:\/\/pika-tek.com\/v3\/wp-content\/uploads\/2025\/10\/PIKA_Systems-1536x909-2-710x420.png 710w, https:\/\/pika-tek.com\/v3\/wp-content\/uploads\/2025\/10\/PIKA_Systems-1536x909-2.png 1536w\" sizes=\"(max-width: 1024px) 100vw, 1024px\" \/>\t\t\t\t\t\t\t\t\t\t\t\t\t\t\t<\/div>\n\t\t\t\t<\/div>\n\t\t\t\t\t<\/div>\n\t\t\t\t<\/div>\n\t\t\t\t<\/div>\n\t\t","protected":false},"excerpt":{"rendered":"<p>PIKATEK Sistemet Zgjidhje inteligjente p\u00ebr sfida t\u00eb m\u00ebdha dhe mund\u00ebsi pa limite. \u00c7far\u00eb e b\u00ebn PIKATEK Sistemet zgjedhjen ideale p\u00ebr biznesin tuaj? Ekspertiz\u00eb q\u00eb krijon besim \u2013 P\u00ebr nd\u00ebrmarrjet dhe ofruesit e sh\u00ebrbimeve. Nga \u00e7do ide tek \u00e7do sfid\u00eb \u2014 zgjidhje q\u00eb p\u00ebrshtaten me biznesin tuaj unik. Nga ERP te CRM, nga VoIP te telekomi [&hellip;]<\/p>\n","protected":false},"author":2,"featured_media":0,"parent":0,"menu_order":0,"comment_status":"closed","ping_status":"closed","template":"elementor_header_footer","meta":{"_eb_attr":"","footnotes":""},"class_list":["post-22488","page","type-page","status-publish","hentry"],"_links":{"self":[{"href":"https:\/\/pika-tek.com\/v3\/wp-json\/wp\/v2\/pages\/22488","targetHints":{"allow":["GET"]}}],"collection":[{"href":"https:\/\/pika-tek.com\/v3\/wp-json\/wp\/v2\/pages"}],"about":[{"href":"https:\/\/pika-tek.com\/v3\/wp-json\/wp\/v2\/types\/page"}],"author":[{"embeddable":true,"href":"https:\/\/pika-tek.com\/v3\/wp-json\/wp\/v2\/users\/2"}],"replies":[{"embeddable":true,"href":"https:\/\/pika-tek.com\/v3\/wp-json\/wp\/v2\/comments?post=22488"}],"version-history":[{"count":4,"href":"https:\/\/pika-tek.com\/v3\/wp-json\/wp\/v2\/pages\/22488\/revisions"}],"predecessor-version":[{"id":22493,"href":"https:\/\/pika-tek.com\/v3\/wp-json\/wp\/v2\/pages\/22488\/revisions\/22493"}],"wp:attachment":[{"href":"https:\/\/pika-tek.com\/v3\/wp-json\/wp\/v2\/media?parent=22488"}],"curies":[{"name":"wp","href":"https:\/\/api.w.org\/{rel}","templated":true}]}}