{"id":22477,"date":"2025-10-15T02:59:53","date_gmt":"2025-10-15T02:59:53","guid":{"rendered":"http:\/\/pikatek.local\/?page_id=22477"},"modified":"2025-10-15T03:17:28","modified_gmt":"2025-10-15T03:17:28","slug":"sherbimet-tona","status":"publish","type":"page","link":"https:\/\/pika-tek.com\/v3\/sq\/sherbimet-tona\/","title":{"rendered":"Sh\u00ebrbimet tona"},"content":{"rendered":"\t\t<div data-elementor-type=\"wp-page\" data-elementor-id=\"22477\" class=\"elementor elementor-22477\">\n\t\t\t\t<div class=\"elementor-element elementor-element-799e90ea sticky-section e-flex e-con-boxed e-con e-parent\" data-id=\"799e90ea\" data-element_type=\"container\" data-e-type=\"container\" id=\"section1\" data-settings=\"{&quot;background_background&quot;:&quot;classic&quot;}\">\n\t\t\t\t\t<div class=\"e-con-inner\">\n\t\t<div class=\"elementor-element elementor-element-1b0a26e3 e-con-full e-flex e-con e-child\" data-id=\"1b0a26e3\" data-element_type=\"container\" data-e-type=\"container\">\n\t\t<div class=\"elementor-element elementor-element-5df2ebd e-con-full e-flex e-con e-child\" data-id=\"5df2ebd\" data-element_type=\"container\" data-e-type=\"container\">\n\t\t\t\t<div class=\"elementor-element elementor-element-4c6cbbc5 animated-fast elementor-invisible elementor-widget elementor-widget-elementskit-heading\" data-id=\"4c6cbbc5\" data-element_type=\"widget\" data-e-type=\"widget\" data-settings=\"{&quot;_animation&quot;:&quot;fadeIn&quot;,&quot;_animation_delay&quot;:100,&quot;ekit_we_effect_on&quot;:&quot;css&quot;}\" data-widget_type=\"elementskit-heading.default\">\n\t\t\t\t<div class=\"elementor-widget-container\">\n\t\t\t\t\t<div class=\"ekit-wid-con\" ><div class=\"ekit-heading elementskit-section-title-wraper text_left   ekit_heading_tablet-   ekit_heading_mobile-text_left\"><h3 class=\"ekit-heading--title elementskit-section-title \"><span>Zhvillimi q\u00eb transformon vizionin tuaj n\u00eb realitet.<\/span><\/span> <\/h3><\/div><\/div>\t\t\t\t<\/div>\n\t\t\t\t<\/div>\n\t\t<div class=\"elementor-element elementor-element-47a92de7 e-con-full e-flex e-con e-child\" data-id=\"47a92de7\" data-element_type=\"container\" data-e-type=\"container\">\n\t\t\t\t<div class=\"elementor-element elementor-element-28149d2f keydesign-h6 animated-fast elementor-invisible elementor-widget elementor-widget-elementskit-stylish-list\" data-id=\"28149d2f\" data-element_type=\"widget\" data-e-type=\"widget\" data-settings=\"{&quot;_animation&quot;:&quot;fadeIn&quot;,&quot;_animation_delay&quot;:300,&quot;ekit_we_effect_on&quot;:&quot;none&quot;}\" data-widget_type=\"elementskit-stylish-list.default\">\n\t\t\t\t<div class=\"elementor-widget-container\">\n\t\t\t\t\t<div class=\"ekit-wid-con\">\t\t<ul class=\"ekit-stylish-list \" >\n\t\t\t\t\t\t\t<li class=\"ekit-stylish-list-content-wrapper elementor-repeater-item-9176c3a\" >\n\t\t\t\t\t\t\t\t\t\t<div class=\"ekit-stylish-list-content\">\n\t\t\t\t\t\t\t\t\t\t\t\t\t\t\t\t\t\t\t<div class=\"ekit-stylish-list-content-icon\">\t\t\t\n\t\t\t\t\t\t\t\t<i aria-hidden=\"true\" class=\"icon icon-check\"><\/i>\t\t\t\n\t\t\t\t\t\t\t<\/div>\n\t\t\t\t\t\t\t\t\t\t\t\t\t\t\t\t\t\t<div class=\"ekit-stylish-list-content-text\">\n\t\t\t\t\t\t\t<span class=\"ekit-stylish-list-content-title\">Krijojm\u00eb, zhvillojm\u00eb dhe testojm\u00eb zgjidhje t\u00eb personalizuara, q\u00eb rritin efikasitetin, leht\u00ebsojn\u00eb integrimin dhe mund\u00ebsojn\u00eb zhvillim t\u00eb vazhduesh\u00ebm.<\/span>\n\t\t\t\t\t\t\t\t\t\t\t\t\t<\/div>\n\t\t\t\t\t\t\t\t\t\t\t<\/div>\n\t\t\t\t\t\n\t\t\t\t<\/li>\n\t\t\t\t\t\t\t\t\t\t\t<li class=\"ekit-stylish-list-content-wrapper elementor-repeater-item-aa8aca8\" >\n\t\t\t\t\t\t\t\t\t\t<div class=\"ekit-stylish-list-content\">\n\t\t\t\t\t\t\t\t\t\t\t\t\t\t\t\t\t\t\t<div class=\"ekit-stylish-list-content-icon\">\t\t\t\n\t\t\t\t\t\t\t\t<i aria-hidden=\"true\" class=\"icon icon-check\"><\/i>\t\t\t\n\t\t\t\t\t\t\t<\/div>\n\t\t\t\t\t\t\t\t\t\t\t\t\t\t\t\t\t\t<div class=\"ekit-stylish-list-content-text\">\n\t\t\t\t\t\t\t<span class=\"ekit-stylish-list-content-title\">Nga arkitektura ICT te zgjidhjet p\u00ebr bizneset e m\u00ebdha \u2014 ne sjellim performanc\u00eb dhe rezultate n\u00eb \u00e7do sektor.<\/span>\n\t\t\t\t\t\t\t\t\t\t\t\t\t<\/div>\n\t\t\t\t\t\t\t\t\t\t\t<\/div>\n\t\t\t\t\t\n\t\t\t\t<\/li>\n\t\t\t\t\t\t\t\t\t\t\t<li class=\"ekit-stylish-list-content-wrapper elementor-repeater-item-b4e5723\" >\n\t\t\t\t\t\t\t\t\t\t<div class=\"ekit-stylish-list-content\">\n\t\t\t\t\t\t\t\t\t\t\t\t\t\t\t\t\t\t\t<div class=\"ekit-stylish-list-content-icon\">\t\t\t\n\t\t\t\t\t\t\t\t<i aria-hidden=\"true\" class=\"icon icon-check\"><\/i>\t\t\t\n\t\t\t\t\t\t\t<\/div>\n\t\t\t\t\t\t\t\t\t\t\t\t\t\t\t\t\t\t<div class=\"ekit-stylish-list-content-text\">\n\t\t\t\t\t\t\t<span class=\"ekit-stylish-list-content-title\">Qasja jon\u00eb n\u00eb zhvillim kombinon inovacion, siguri dhe teknologji q\u00eb p\u00ebrballojn\u00eb \u00e7do sfid\u00eb t\u00eb biznesit t\u00eb s\u00eb ardhmes.<\/span>\n\t\t\t\t\t\t\t\t\t\t\t\t\t<\/div>\n\t\t\t\t\t\t\t\t\t\t\t<\/div>\n\t\t\t\t\t\n\t\t\t\t<\/li>\n\t\t\t\t\t\t\t\t\t<\/ul>\n\t<\/div>\t\t\t\t<\/div>\n\t\t\t\t<\/div>\n\t\t\t\t<\/div>\n\t\t\t\t<\/div>\n\t\t<div class=\"elementor-element elementor-element-52960b25 e-con-full animated-fast e-flex elementor-invisible e-con e-child\" data-id=\"52960b25\" data-element_type=\"container\" data-e-type=\"container\" data-settings=\"{&quot;background_background&quot;:&quot;classic&quot;,&quot;animation&quot;:&quot;fadeInUp&quot;,&quot;animation_delay&quot;:200}\">\n\t\t\t\t<\/div>\n\t\t\t\t<\/div>\n\t\t\t\t\t<\/div>\n\t\t\t\t<\/div>\n\t\t<div class=\"elementor-element elementor-element-747ee601 e-flex e-con-boxed e-con e-parent\" data-id=\"747ee601\" data-element_type=\"container\" data-e-type=\"container\" data-settings=\"{&quot;background_background&quot;:&quot;classic&quot;}\">\n\t\t\t\t\t<div class=\"e-con-inner\">\n\t\t<div class=\"elementor-element elementor-element-67f6f56d e-con-full e-flex e-con e-child\" data-id=\"67f6f56d\" data-element_type=\"container\" data-e-type=\"container\">\n\t\t<div class=\"elementor-element elementor-element-34bf5bd4 e-con-full e-flex e-con e-child\" data-id=\"34bf5bd4\" data-element_type=\"container\" data-e-type=\"container\">\n\t\t\t\t<div class=\"elementor-element elementor-element-29fd4484 animated-fast elementor-widget__width-initial elementor-invisible elementor-widget elementor-widget-elementskit-heading\" data-id=\"29fd4484\" data-element_type=\"widget\" data-e-type=\"widget\" data-settings=\"{&quot;_animation&quot;:&quot;fadeIn&quot;,&quot;_animation_delay&quot;:100,&quot;ekit_we_effect_on&quot;:&quot;css&quot;}\" data-widget_type=\"elementskit-heading.default\">\n\t\t\t\t<div class=\"elementor-widget-container\">\n\t\t\t\t\t<div class=\"ekit-wid-con\" ><div class=\"ekit-heading elementskit-section-title-wraper text_center   ekit_heading_tablet-   ekit_heading_mobile-text_left\"><h6 class=\"elementskit-section-subtitle   ekit-heading__subtitle-has-border\">\n\t\t\t\t\t\tPse Jemi Partneri Ideal\n\t\t\t\t\t<\/h6><h2 class=\"ekit-heading--title elementskit-section-title \">Zbuloni <span><span>avantazhet<\/span><\/span> e sh\u00ebrbimeve tona.<\/h2><\/div><\/div>\t\t\t\t<\/div>\n\t\t\t\t<\/div>\n\t\t\t\t<\/div>\n\t\t\t\t<\/div>\n\t\t<div class=\"elementor-element elementor-element-72864a60 e-con-full e-flex e-con e-child\" data-id=\"72864a60\" data-element_type=\"container\" data-e-type=\"container\">\n\t\t<div class=\"elementor-element elementor-element-64aea255 e-con-full e-flex e-con e-child\" data-id=\"64aea255\" data-element_type=\"container\" data-e-type=\"container\">\n\t\t\t\t<div class=\"elementor-element elementor-element-12dc42e1 animated-fast ekit-equal-height-enable elementor-invisible elementor-widget elementor-widget-elementskit-icon-box\" data-id=\"12dc42e1\" data-element_type=\"widget\" data-e-type=\"widget\" data-settings=\"{&quot;_animation&quot;:&quot;fadeInUp&quot;,&quot;_animation_delay&quot;:100,&quot;ekit_we_effect_on&quot;:&quot;none&quot;}\" data-widget_type=\"elementskit-icon-box.default\">\n\t\t\t\t<div class=\"elementor-widget-container\">\n\t\t\t\t\t<div class=\"ekit-wid-con\" >        <!-- link opening -->\n                <a href=\"#\" class=\"ekit_global_links\">\n                <!-- end link opening -->\n\n        <div class=\"elementskit-infobox text-left text-left icon-top-align elementor-animation-float   \">\n                    <div class=\"elementskit-box-header elementor-animation-\">\n                <div class=\"elementskit-info-box-icon  \">\n                    <i aria-hidden=\"true\" class=\"elementkit-infobox-icon far fa-handshake\"><\/i>\n                <\/div>\n          <\/div>\n                        <div class=\"box-body\">\n                            <h4 class=\"elementskit-info-box-title\">\n                    Zgjidhjet                <\/h4>\n                        \t\t  \t<p>Nga fleksibiliteti tek efikasiteti \u2014 zgjidhjet tona punojn\u00eb me ju dhe p\u00ebr ju. Sh\u00ebrbimet tona jan\u00eb t\u00eb dizajnuara p\u00ebr t\u2019u integruar pa probleme me infrastrukturat ekzistuese, duke maksimizuar efikasitetin operativ.<\/p>\n                                <\/div>\n        \n        \n                <\/div>\n                <\/a>\n        <\/div>\t\t\t\t<\/div>\n\t\t\t\t<\/div>\n\t\t\t\t<\/div>\n\t\t<div class=\"elementor-element elementor-element-345ae7ea e-con-full e-flex e-con e-child\" data-id=\"345ae7ea\" data-element_type=\"container\" data-e-type=\"container\">\n\t\t\t\t<div class=\"elementor-element elementor-element-3700135e animated-fast ekit-equal-height-enable elementor-widget__width-initial elementor-invisible elementor-widget elementor-widget-elementskit-icon-box\" data-id=\"3700135e\" data-element_type=\"widget\" data-e-type=\"widget\" data-settings=\"{&quot;_animation&quot;:&quot;fadeInUp&quot;,&quot;_animation_delay&quot;:200,&quot;ekit_we_effect_on&quot;:&quot;none&quot;}\" data-widget_type=\"elementskit-icon-box.default\">\n\t\t\t\t<div class=\"elementor-widget-container\">\n\t\t\t\t\t<div class=\"ekit-wid-con\" >        <!-- link opening -->\n                <a href=\"#\" class=\"ekit_global_links\">\n                <!-- end link opening -->\n\n        <div class=\"elementskit-infobox text-left text-left icon-top-align elementor-animation-float   \">\n                    <div class=\"elementskit-box-header elementor-animation-\">\n                <div class=\"elementskit-info-box-icon  \">\n                    <i aria-hidden=\"true\" class=\"elementkit-infobox-icon fas fa-brain\"><\/i>\n                <\/div>\n          <\/div>\n                        <div class=\"box-body\">\n                            <h4 class=\"elementskit-info-box-title\">\n                     Platformat tona                <\/h4>\n                        \t\t  \t<p>Tek PIKATEK, transformojm\u00eb sfidat e biznesit n\u00eb zgjidhje inteligjente.\nNe zhvillojm\u00eb, integrojm\u00eb dhe optimizojm\u00eb sisteme nd\u00ebrmarrjeje t\u00eb personalizuara q\u00eb fuqizojn\u00eb industri t\u00eb ndryshme \u2014 nga telekomi, CRM, deri tek softueret e avancuar. Me fokus te automatizimi dhe efikasiteti maksimal, ne i b\u00ebjm\u00eb teknologjit\u00eb tuaja t\u00eb punojn\u00eb p\u00ebr biznesin tuaj, sot dhe n\u00eb t\u00eb ardhmen.<\/p>\n                                <\/div>\n        \n        \n                <\/div>\n                <\/a>\n        <\/div>\t\t\t\t<\/div>\n\t\t\t\t<\/div>\n\t\t\t\t<\/div>\n\t\t<div class=\"elementor-element elementor-element-7c2a9081 e-con-full e-flex e-con e-child\" data-id=\"7c2a9081\" data-element_type=\"container\" data-e-type=\"container\">\n\t\t\t\t<div class=\"elementor-element elementor-element-1013ef9e animated-fast ekit-equal-height-enable elementor-invisible elementor-widget elementor-widget-elementskit-icon-box\" data-id=\"1013ef9e\" data-element_type=\"widget\" data-e-type=\"widget\" data-settings=\"{&quot;_animation&quot;:&quot;fadeInUp&quot;,&quot;_animation_delay&quot;:300,&quot;ekit_we_effect_on&quot;:&quot;none&quot;}\" data-widget_type=\"elementskit-icon-box.default\">\n\t\t\t\t<div class=\"elementor-widget-container\">\n\t\t\t\t\t<div class=\"ekit-wid-con\" >        <!-- link opening -->\n                <a href=\"#\" class=\"ekit_global_links\">\n                <!-- end link opening -->\n\n        <div class=\"elementskit-infobox text-left text-left icon-top-align elementor-animation-float   \">\n                    <div class=\"elementskit-box-header elementor-animation-\">\n                <div class=\"elementskit-info-box-icon  \">\n                    <i aria-hidden=\"true\" class=\"elementkit-infobox-icon icon icon-favorites1\"><\/i>\n                <\/div>\n          <\/div>\n                        <div class=\"box-body\">\n                            <h4 class=\"elementskit-info-box-title\">\n                    K\u00ebnaq\u00ebsia e garantuar                <\/h4>\n                        \t\t  \t<p>Ne ofrojm\u00eb mb\u00ebshtetje gjith\u00ebp\u00ebrfshir\u00ebse dhe profesionale p\u00ebr t\u00eb siguruar funksionim pa probleme dhe k\u00ebnaq\u00ebsi maksimale t\u00eb klientit.\nEkipi yn\u00eb i dedikuar \u00ebsht\u00eb gjithmon\u00eb n\u00eb dispozicion p\u00ebrmes kanaleve t\u00eb ndryshme, duke ofruar ndihm\u00eb t\u00eb shpejt\u00eb, efikase dhe t\u00eb besueshme sa her\u00eb q\u00eb ju nevojitet.<\/p>\n                                <\/div>\n        \n        \n                <\/div>\n                <\/a>\n        <\/div>\t\t\t\t<\/div>\n\t\t\t\t<\/div>\n\t\t\t\t<\/div>\n\t\t\t\t<\/div>\n\t\t\t\t\t<\/div>\n\t\t\t\t<\/div>\n\t\t\t\t<\/div>\n\t\t","protected":false},"excerpt":{"rendered":"<p>Zhvillimi q\u00eb transformon vizionin tuaj n\u00eb realitet. Krijojm\u00eb, zhvillojm\u00eb dhe testojm\u00eb zgjidhje t\u00eb personalizuara, q\u00eb rritin efikasitetin, leht\u00ebsojn\u00eb integrimin dhe mund\u00ebsojn\u00eb zhvillim t\u00eb vazhduesh\u00ebm. Nga arkitektura ICT te zgjidhjet p\u00ebr bizneset e m\u00ebdha \u2014 ne sjellim performanc\u00eb dhe rezultate n\u00eb \u00e7do sektor. Qasja jon\u00eb n\u00eb zhvillim kombinon inovacion, siguri dhe teknologji q\u00eb p\u00ebrballojn\u00eb \u00e7do sfid\u00eb [&hellip;]<\/p>\n","protected":false},"author":2,"featured_media":0,"parent":0,"menu_order":0,"comment_status":"closed","ping_status":"closed","template":"elementor_header_footer","meta":{"_eb_attr":"","footnotes":""},"class_list":["post-22477","page","type-page","status-publish","hentry"],"_links":{"self":[{"href":"https:\/\/pika-tek.com\/v3\/wp-json\/wp\/v2\/pages\/22477","targetHints":{"allow":["GET"]}}],"collection":[{"href":"https:\/\/pika-tek.com\/v3\/wp-json\/wp\/v2\/pages"}],"about":[{"href":"https:\/\/pika-tek.com\/v3\/wp-json\/wp\/v2\/types\/page"}],"author":[{"embeddable":true,"href":"https:\/\/pika-tek.com\/v3\/wp-json\/wp\/v2\/users\/2"}],"replies":[{"embeddable":true,"href":"https:\/\/pika-tek.com\/v3\/wp-json\/wp\/v2\/comments?post=22477"}],"version-history":[{"count":4,"href":"https:\/\/pika-tek.com\/v3\/wp-json\/wp\/v2\/pages\/22477\/revisions"}],"predecessor-version":[{"id":22482,"href":"https:\/\/pika-tek.com\/v3\/wp-json\/wp\/v2\/pages\/22477\/revisions\/22482"}],"wp:attachment":[{"href":"https:\/\/pika-tek.com\/v3\/wp-json\/wp\/v2\/media?parent=22477"}],"curies":[{"name":"wp","href":"https:\/\/api.w.org\/{rel}","templated":true}]}}