{"id":22466,"date":"2025-10-15T02:13:06","date_gmt":"2025-10-15T02:13:06","guid":{"rendered":"http:\/\/pikatek.local\/?page_id=22466"},"modified":"2025-10-16T04:39:58","modified_gmt":"2025-10-16T04:39:58","slug":"rreth-nesh","status":"publish","type":"page","link":"https:\/\/pika-tek.com\/v3\/sq\/rreth-nesh\/","title":{"rendered":"Rreth Nesh"},"content":{"rendered":"\t\t<div data-elementor-type=\"wp-page\" data-elementor-id=\"22466\" class=\"elementor elementor-22466\">\n\t\t\t\t<div class=\"elementor-element elementor-element-756e8cb5 e-con-full e-flex e-con e-parent\" data-id=\"756e8cb5\" data-element_type=\"container\" data-e-type=\"container\" data-settings=\"{&quot;background_background&quot;:&quot;classic&quot;,&quot;shape_divider_bottom&quot;:&quot;curve&quot;,&quot;shape_divider_bottom_negative&quot;:&quot;yes&quot;}\">\n\t\t\t\t<div class=\"elementor-shape elementor-shape-bottom\" aria-hidden=\"true\" data-negative=\"true\">\n\t\t\t<svg xmlns=\"http:\/\/www.w3.org\/2000\/svg\" viewBox=\"0 0 1000 100\" preserveAspectRatio=\"none\">\n\t<path class=\"elementor-shape-fill\" d=\"M500,97C126.7,96.3,0.8,19.8,0,0v100l1000,0V1C1000,19.4,873.3,97.8,500,97z\"\/>\n<\/svg>\t\t<\/div>\n\t\t<div class=\"elementor-element elementor-element-4a36eff0 e-con-full e-flex e-con e-child\" data-id=\"4a36eff0\" data-element_type=\"container\" data-e-type=\"container\">\n\t\t\t\t<div class=\"elementor-element elementor-element-239667aa animated-fast elementor-widget__width-initial elementor-invisible elementor-widget elementor-widget-elementskit-heading\" data-id=\"239667aa\" data-element_type=\"widget\" data-e-type=\"widget\" data-settings=\"{&quot;ekit_we_effect_on&quot;:&quot;css&quot;,&quot;_animation&quot;:&quot;fadeIn&quot;,&quot;_animation_delay&quot;:100}\" data-widget_type=\"elementskit-heading.default\">\n\t\t\t\t<div class=\"elementor-widget-container\">\n\t\t\t\t\t<div class=\"ekit-wid-con\" ><div class=\"ekit-heading elementskit-section-title-wraper text_center   ekit_heading_tablet-   ekit_heading_mobile-\"><h1 class=\"ekit-heading--title elementskit-section-title \">Njihuni me ne<\/h1>\t\t\t\t<div class='ekit-heading__description'>\n\t\t\t\t\t<p>Me pasion p\u00ebr teknologjin\u00eb dhe p\u00ebrkushtim ndaj suksesit, ndihmojm\u00eb bizneset t\u00eb rriten n\u00eb bot\u00ebn digjitale.<\/p>\n\t\t\t\t<\/div>\n\t\t\t<\/div><\/div>\t\t\t\t<\/div>\n\t\t\t\t<\/div>\n\t\t\t\t<\/div>\n\t\t\t\t<\/div>\n\t\t<div class=\"elementor-element elementor-element-59c66532 e-flex e-con-boxed e-con e-parent\" data-id=\"59c66532\" data-element_type=\"container\" data-e-type=\"container\">\n\t\t\t\t\t<div class=\"e-con-inner\">\n\t\t<div class=\"elementor-element elementor-element-69f4ec77 e-con-full animated-fast e-flex elementor-invisible e-con e-child\" data-id=\"69f4ec77\" data-element_type=\"container\" data-e-type=\"container\" data-settings=\"{&quot;background_background&quot;:&quot;classic&quot;,&quot;animation&quot;:&quot;fadeInUp&quot;,&quot;animation_delay&quot;:100}\">\n\t\t<div class=\"elementor-element elementor-element-25568ab e-con-full e-flex e-con e-child\" data-id=\"25568ab\" data-element_type=\"container\" data-e-type=\"container\">\n\t\t\t\t<div class=\"elementor-element elementor-element-1854b23 animated-fast elementor-invisible elementor-widget elementor-widget-elementskit-heading\" data-id=\"1854b23\" data-element_type=\"widget\" data-e-type=\"widget\" data-settings=\"{&quot;_animation&quot;:&quot;fadeIn&quot;,&quot;_animation_delay&quot;:200,&quot;ekit_we_effect_on&quot;:&quot;none&quot;}\" data-widget_type=\"elementskit-heading.default\">\n\t\t\t\t<div class=\"elementor-widget-container\">\n\t\t\t\t\t<div class=\"ekit-wid-con\" ><div class=\"ekit-heading elementskit-section-title-wraper text_left   ekit_heading_tablet-   ekit_heading_mobile-\"><h6 class=\"elementskit-section-subtitle   ekit-heading__subtitle-has-border\">\n\t\t\t\t\t\tSh\u00ebrbimet tona\n\t\t\t\t\t<\/h6><h2 class=\"ekit-heading--title elementskit-section-title \"><span><span>PIKATEK LLC<\/span><\/span><\/h2>\t\t\t\t<div class='ekit-heading__description'>\n\t\t\t\t\t<p><strong>\u00ebsht\u00eb kompani teknologjike e themeluar n\u00eb vitin 2017<\/strong>, e fokusuar n\u00eb <strong>softuer inovativ, aplikacione t\u00eb avancuara p\u00ebr biznese vendore dhe nd\u00ebrkomb\u00ebtare<\/strong>. Ne krijojm\u00eb <strong>zgjidhje t\u00eb qendruara tek klienti<\/strong>, duke p\u00ebrdorur teknologji moderne p\u00ebr t\u00eb <strong>thjeshtuar proceset, p\u00ebrforcuar efikasitetin dhe nxitur transformimin dixhital<\/strong>.<\/p>\n\t\t\t\t<\/div>\n\t\t\t<\/div><\/div>\t\t\t\t<\/div>\n\t\t\t\t<\/div>\n\t\t\t\t<\/div>\n\t\t<div class=\"elementor-element elementor-element-1ddde270 e-con-full e-flex e-con e-child\" data-id=\"1ddde270\" data-element_type=\"container\" data-e-type=\"container\">\n\t\t\t\t<div class=\"elementor-element elementor-element-bb2be5b animated-fast elementor-invisible elementor-widget elementor-widget-elementskit-simple-tab\" data-id=\"bb2be5b\" data-element_type=\"widget\" data-e-type=\"widget\" data-settings=\"{&quot;_animation&quot;:&quot;fadeInUp&quot;,&quot;_animation_delay&quot;:200,&quot;ekit_we_effect_on&quot;:&quot;none&quot;}\" data-widget_type=\"elementskit-simple-tab.default\">\n\t\t\t\t<div class=\"elementor-widget-container\">\n\t\t\t\t\t<div class=\"ekit-wid-con\" >        <div class=\"elementkit-tab-wraper  \">\n            <ul class=\"nav nav-tabs elementkit-tab-nav  elementskit-fullwidth-tab\">\n                                    <li class=\"elementkit-nav-item elementor-repeater-item-7dd36af\">\n                        <a class=\"elementkit-nav-link  active show top-pos\" id=\"content-7dd36af69e0123d55804-tab\" data-ekit-handler-id=\"misioni\" data-ekit-toggle=\"tab\" data-target=\"#content-7dd36af69e0123d55804\" href=\"#Content-7dd36af69e0123d55804\"\n                            data-ekit-toggle-trigger=\"click\"\n                            aria-describedby=\"Content-7dd36af69e0123d55804\">\n                                                        <span class=\"elementskit-tab-title\">Misioni<\/span>\n                        <\/a>\n                    <\/li>\n                                        <li class=\"elementkit-nav-item elementor-repeater-item-c54bcd2\">\n                        <a class=\"elementkit-nav-link  top-pos\" id=\"content-c54bcd269e0123d55804-tab\" data-ekit-handler-id=\"vizioni\" data-ekit-toggle=\"tab\" data-target=\"#content-c54bcd269e0123d55804\" href=\"#Content-c54bcd269e0123d55804\"\n                            data-ekit-toggle-trigger=\"click\"\n                            aria-describedby=\"Content-c54bcd269e0123d55804\">\n                                                        <span class=\"elementskit-tab-title\">Vizioni<\/span>\n                        <\/a>\n                    <\/li>\n                                        <li class=\"elementkit-nav-item elementor-repeater-item-a8aada2\">\n                        <a class=\"elementkit-nav-link  top-pos\" id=\"content-a8aada269e0123d55804-tab\" data-ekit-handler-id=\"vlerat\" data-ekit-toggle=\"tab\" data-target=\"#content-a8aada269e0123d55804\" href=\"#Content-a8aada269e0123d55804\"\n                            data-ekit-toggle-trigger=\"click\"\n                            aria-describedby=\"Content-a8aada269e0123d55804\">\n                                                        <span class=\"elementskit-tab-title\">Vlerat<\/span>\n                        <\/a>\n                    <\/li>\n                                <\/ul>\n\n            <div class=\"tab-content elementkit-tab-content\">\n                                    <div class=\"tab-pane elementkit-tab-pane elementor-repeater-item-7dd36af  active show\" id=\"content-7dd36af69e0123d55804\" role=\"tabpanel\"\n                         aria-labelledby=\"content-7dd36af69e0123d55804-tab\">\n                        <div class=\"animated fadeIn\">\n                            <p>Misioni yn\u00eb \u00ebsht\u00eb t\u00eb transformojm\u00eb bizneset me teknologjit\u00eb m\u00eb t\u00eb reja dhe t\u00eb sigurta, duke thjesht\u00ebzuar operacionet, rritur produktivitetin dhe nxitur rritje t\u00eb q\u00ebndrueshme n\u00eb \u00e7do industri.<\/p>                        <\/div>\n                    <\/div>\n                                    <div class=\"tab-pane elementkit-tab-pane elementor-repeater-item-c54bcd2 \" id=\"content-c54bcd269e0123d55804\" role=\"tabpanel\"\n                         aria-labelledby=\"content-c54bcd269e0123d55804-tab\">\n                        <div class=\"animated fadeIn\">\n                            <p>Nj\u00eb bot\u00eb ku inovacioni dhe teknologjia b\u00ebhen partner\u00ebt tuaj p\u00ebr t\u00eb realizuar \u00e7do ambicie biznesi.<\/p>                        <\/div>\n                    <\/div>\n                                    <div class=\"tab-pane elementkit-tab-pane elementor-repeater-item-a8aada2 \" id=\"content-a8aada269e0123d55804\" role=\"tabpanel\"\n                         aria-labelledby=\"content-a8aada269e0123d55804-tab\">\n                        <div class=\"animated fadeIn\">\n                            <p>Ne ruajm\u00eb standardet m\u00eb t\u00eb larta etike, duke garantuar transparenc\u00eb, ndershm\u00ebri dhe besim n\u00eb t\u00eb gjitha nd\u00ebrveprimet tona. Inovacioni ushqen kreativitetin ton\u00eb, duke na shtyr\u00eb t\u00eb eksplorojm\u00eb horizonte t\u00eb reja dhe t\u00eb zhvillojm\u00eb zgjidhje inovative.<\/p>                        <\/div>\n                    <\/div>\n                                \n            <\/div>\n                    <\/div>\n    <\/div>\t\t\t\t<\/div>\n\t\t\t\t<\/div>\n\t\t\t\t<\/div>\n\t\t\t\t<\/div>\n\t\t\t\t\t<\/div>\n\t\t\t\t<\/div>\n\t\t<div class=\"elementor-element elementor-element-03ec334 e-flex e-con-boxed e-con e-parent\" data-id=\"03ec334\" data-element_type=\"container\" data-e-type=\"container\">\n\t\t\t\t\t<div class=\"e-con-inner\">\n\t\t<div class=\"elementor-element elementor-element-3b5e527 e-con-full e-flex e-con e-child\" data-id=\"3b5e527\" data-element_type=\"container\" data-e-type=\"container\">\n\t\t<div class=\"elementor-element elementor-element-9a6db37 e-con-full e-flex e-con e-child\" data-id=\"9a6db37\" data-element_type=\"container\" data-e-type=\"container\">\n\t\t\t\t<div class=\"elementor-element elementor-element-ab87521 animated-fast elementor-widget__width-inherit elementor-invisible elementor-widget elementor-widget-elementskit-heading\" data-id=\"ab87521\" data-element_type=\"widget\" data-e-type=\"widget\" data-settings=\"{&quot;_animation&quot;:&quot;fadeIn&quot;,&quot;_animation_delay&quot;:100,&quot;ekit_we_effect_on&quot;:&quot;none&quot;}\" data-widget_type=\"elementskit-heading.default\">\n\t\t\t\t<div class=\"elementor-widget-container\">\n\t\t\t\t\t<div class=\"ekit-wid-con\" ><div class=\"ekit-heading elementskit-section-title-wraper text_left   ekit_heading_tablet-   ekit_heading_mobile-\"><h6 class=\"elementskit-section-subtitle   ekit-heading__subtitle-has-border\">\n\t\t\t\t\t\tSh\u00ebrbimet dhe zgjidhjet\n\t\t\t\t\t<\/h6><h2 class=\"ekit-heading--title elementskit-section-title \">Rritje e sigurt dhe e q\u00ebndrueshme n\u00eb <span><span>\u00e7do etap\u00eb<\/span><\/span> t\u00eb biznesit tuaj.<\/h2><\/div><\/div>\t\t\t\t<\/div>\n\t\t\t\t<\/div>\n\t\t<div class=\"elementor-element elementor-element-90aa294 e-flex e-con-boxed e-con e-child\" data-id=\"90aa294\" data-element_type=\"container\" data-e-type=\"container\">\n\t\t\t\t\t<div class=\"e-con-inner\">\n\t\t<div class=\"elementor-element elementor-element-daf9a9c e-con-full e-flex e-con e-child\" data-id=\"daf9a9c\" data-element_type=\"container\" data-e-type=\"container\">\n\t\t\t\t<div class=\"elementor-element elementor-element-3ec368e animated-fast ekit-equal-height-disable elementor-invisible elementor-widget elementor-widget-elementskit-icon-box\" data-id=\"3ec368e\" data-element_type=\"widget\" data-e-type=\"widget\" data-settings=\"{&quot;_animation&quot;:&quot;fadeInUp&quot;,&quot;_animation_delay&quot;:100,&quot;ekit_we_effect_on&quot;:&quot;none&quot;}\" data-widget_type=\"elementskit-icon-box.default\">\n\t\t\t\t<div class=\"elementor-widget-container\">\n\t\t\t\t\t<div class=\"ekit-wid-con\" >        <!-- link opening -->\n                <a href=\"#\" class=\"ekit_global_links\">\n                <!-- end link opening -->\n\n        <div class=\"elementskit-infobox text-left text-left icon-top-align elementor-animation-   \">\n                    <div class=\"elementskit-box-header elementor-animation-\">\n                <div class=\"elementskit-info-box-icon  \">\n                    <i aria-hidden=\"true\" class=\"elementkit-infobox-icon icon icon-calendar2\"><\/i>\n                <\/div>\n          <\/div>\n                        <div class=\"box-body\">\n                            <h5 class=\"elementskit-info-box-title\">\n                    Planifikim i q\u00ebndruesh\u00ebm                <\/h5>\n                        \t\t  \t<p>Mb\u00ebshtetje ekskluzive nga ekspert\u00ebt tan\u00eb.<\/p>\n                                <\/div>\n        \n        \n                <\/div>\n                <\/a>\n        <\/div>\t\t\t\t<\/div>\n\t\t\t\t<\/div>\n\t\t\t\t<\/div>\n\t\t<div class=\"elementor-element elementor-element-d26ed26 e-con-full e-flex e-con e-child\" data-id=\"d26ed26\" data-element_type=\"container\" data-e-type=\"container\">\n\t\t\t\t<div class=\"elementor-element elementor-element-56d8837 animated-fast ekit-equal-height-disable elementor-invisible elementor-widget elementor-widget-elementskit-icon-box\" data-id=\"56d8837\" data-element_type=\"widget\" data-e-type=\"widget\" data-settings=\"{&quot;_animation&quot;:&quot;fadeInUp&quot;,&quot;_animation_delay&quot;:200,&quot;ekit_we_effect_on&quot;:&quot;none&quot;}\" data-widget_type=\"elementskit-icon-box.default\">\n\t\t\t\t<div class=\"elementor-widget-container\">\n\t\t\t\t\t<div class=\"ekit-wid-con\" >        <!-- link opening -->\n                <a href=\"#\" class=\"ekit_global_links\">\n                <!-- end link opening -->\n\n        <div class=\"elementskit-infobox text-left text-left icon-top-align elementor-animation-   \">\n                    <div class=\"elementskit-box-header elementor-animation-\">\n                <div class=\"elementskit-info-box-icon  \">\n                    <i aria-hidden=\"true\" class=\"elementkit-infobox-icon icon icon-hand_shake\"><\/i>\n                <\/div>\n          <\/div>\n                        <div class=\"box-body\">\n                            <h5 class=\"elementskit-info-box-title\">\n                    Bashk\u00ebpunim Efikas                <\/h5>\n                        \t\t  \t<p>T\u00eb gjitha objektivat dhe strategjit\u00eb tuaja n\u00eb nj\u00eb vend.<\/p>\n                                <\/div>\n        \n        \n                <\/div>\n                <\/a>\n        <\/div>\t\t\t\t<\/div>\n\t\t\t\t<\/div>\n\t\t\t\t<\/div>\n\t\t\t\t\t<\/div>\n\t\t\t\t<\/div>\n\t\t<div class=\"elementor-element elementor-element-a4d7784 e-con-full e-flex e-con e-child\" data-id=\"a4d7784\" data-element_type=\"container\" data-e-type=\"container\">\n\t\t<div class=\"elementor-element elementor-element-626e0f2 e-con-full e-flex e-con e-child\" data-id=\"626e0f2\" data-element_type=\"container\" data-e-type=\"container\">\n\t\t\t\t<div class=\"elementor-element elementor-element-b2a6fae animated-fast ekit-equal-height-disable elementor-invisible elementor-widget elementor-widget-elementskit-icon-box\" data-id=\"b2a6fae\" data-element_type=\"widget\" data-e-type=\"widget\" data-settings=\"{&quot;_animation&quot;:&quot;fadeInUp&quot;,&quot;_animation_delay&quot;:100,&quot;ekit_we_effect_on&quot;:&quot;none&quot;}\" data-widget_type=\"elementskit-icon-box.default\">\n\t\t\t\t<div class=\"elementor-widget-container\">\n\t\t\t\t\t<div class=\"ekit-wid-con\" >        <!-- link opening -->\n                <a href=\"#\" class=\"ekit_global_links\">\n                <!-- end link opening -->\n\n        <div class=\"elementskit-infobox text-left text-left icon-top-align elementor-animation-   \">\n                    <div class=\"elementskit-box-header elementor-animation-\">\n                <div class=\"elementskit-info-box-icon  \">\n                    <i aria-hidden=\"true\" class=\"elementkit-infobox-icon icon icon-shield11\"><\/i>\n                <\/div>\n          <\/div>\n                        <div class=\"box-body\">\n                            <h5 class=\"elementskit-info-box-title\">\n                    Siguria e t\u00eb Dh\u00ebnave                <\/h5>\n                        \t\t  \t<p>Cakto \u00e7do etap\u00eb t\u00eb pun\u00ebs dhe identifiko prioritetet.<\/p>\n                                <\/div>\n        \n        \n                <\/div>\n                <\/a>\n        <\/div>\t\t\t\t<\/div>\n\t\t\t\t<\/div>\n\t\t\t\t<\/div>\n\t\t<div class=\"elementor-element elementor-element-4629812 e-con-full e-flex e-con e-child\" data-id=\"4629812\" data-element_type=\"container\" data-e-type=\"container\">\n\t\t\t\t<\/div>\n\t\t\t\t<\/div>\n\t\t\t\t<\/div>\n\t\t\t\t<\/div>\n\t\t\t\t\t<\/div>\n\t\t\t\t<\/div>\n\t\t\t\t<\/div>\n\t\t","protected":false},"excerpt":{"rendered":"<p>Njihuni me ne Me pasion p\u00ebr teknologjin\u00eb dhe p\u00ebrkushtim ndaj suksesit, ndihmojm\u00eb bizneset t\u00eb rriten n\u00eb bot\u00ebn digjitale. Sh\u00ebrbimet tona PIKATEK LLC \u00ebsht\u00eb kompani teknologjike e themeluar n\u00eb vitin 2017, e fokusuar n\u00eb softuer inovativ, aplikacione t\u00eb avancuara p\u00ebr biznese vendore dhe nd\u00ebrkomb\u00ebtare. Ne krijojm\u00eb zgjidhje t\u00eb qendruara tek klienti, duke p\u00ebrdorur teknologji moderne p\u00ebr [&hellip;]<\/p>\n","protected":false},"author":2,"featured_media":0,"parent":0,"menu_order":0,"comment_status":"closed","ping_status":"closed","template":"elementor_header_footer","meta":{"_eb_attr":"","footnotes":""},"class_list":["post-22466","page","type-page","status-publish","hentry"],"_links":{"self":[{"href":"https:\/\/pika-tek.com\/v3\/wp-json\/wp\/v2\/pages\/22466","targetHints":{"allow":["GET"]}}],"collection":[{"href":"https:\/\/pika-tek.com\/v3\/wp-json\/wp\/v2\/pages"}],"about":[{"href":"https:\/\/pika-tek.com\/v3\/wp-json\/wp\/v2\/types\/page"}],"author":[{"embeddable":true,"href":"https:\/\/pika-tek.com\/v3\/wp-json\/wp\/v2\/users\/2"}],"replies":[{"embeddable":true,"href":"https:\/\/pika-tek.com\/v3\/wp-json\/wp\/v2\/comments?post=22466"}],"version-history":[{"count":7,"href":"https:\/\/pika-tek.com\/v3\/wp-json\/wp\/v2\/pages\/22466\/revisions"}],"predecessor-version":[{"id":22684,"href":"https:\/\/pika-tek.com\/v3\/wp-json\/wp\/v2\/pages\/22466\/revisions\/22684"}],"wp:attachment":[{"href":"https:\/\/pika-tek.com\/v3\/wp-json\/wp\/v2\/media?parent=22466"}],"curies":[{"name":"wp","href":"https:\/\/api.w.org\/{rel}","templated":true}]}}