{"id":22399,"date":"2025-10-14T22:10:23","date_gmt":"2025-10-14T22:10:23","guid":{"rendered":"http:\/\/pikatek.local\/?page_id=22399"},"modified":"2025-10-15T07:28:44","modified_gmt":"2025-10-15T07:28:44","slug":"pika-dms-2","status":"publish","type":"page","link":"https:\/\/pika-tek.com\/v3\/de\/pika-dms-2\/","title":{"rendered":"PIKA DMS"},"content":{"rendered":"\t\t<div data-elementor-type=\"wp-page\" data-elementor-id=\"22399\" class=\"elementor elementor-22399\">\n\t\t\t\t<div class=\"elementor-element elementor-element-d693885 e-flex e-con-boxed e-con e-parent\" data-id=\"d693885\" data-element_type=\"container\" data-e-type=\"container\">\n\t\t\t\t\t<div class=\"e-con-inner\">\n\t\t\t\t<div class=\"elementor-element elementor-element-55b305c elementor-widget elementor-widget-heading\" data-id=\"55b305c\" data-element_type=\"widget\" data-e-type=\"widget\" data-settings=\"{&quot;ekit_we_effect_on&quot;:&quot;none&quot;}\" data-widget_type=\"heading.default\">\n\t\t\t\t<div class=\"elementor-widget-container\">\n\t\t\t\t\t<h2 class=\"elementor-heading-title elementor-size-default\">PIKADMS \u2013 Datenmigrationsdienste<\/h2>\t\t\t\t<\/div>\n\t\t\t\t<\/div>\n\t\t<div class=\"elementor-element elementor-element-7e1de9d e-con-full e-flex e-con e-child\" data-id=\"7e1de9d\" data-element_type=\"container\" data-e-type=\"container\">\n\t\t\t\t<div class=\"elementor-element elementor-element-b28293e elementor-widget elementor-widget-text-editor\" data-id=\"b28293e\" data-element_type=\"widget\" data-e-type=\"widget\" data-settings=\"{&quot;ekit_we_effect_on&quot;:&quot;none&quot;}\" data-widget_type=\"text-editor.default\">\n\t\t\t\t<div class=\"elementor-widget-container\">\n\t\t\t\t\t\t\t\t\t<p><strong data-start=\"112\" data-end=\"123\">PIKADMS<\/strong> ist ein <strong data-start=\"132\" data-end=\"179\">unternehmensgerechter Datenmigrationsdienst<\/strong>, der <strong data-start=\"185\" data-end=\"263\">sicheren, zuverl\u00e4ssigen und effizienten Transfer kritischer Gesch\u00e4ftsdaten<\/strong> zwischen Systemen, Datenbanken und Plattformen gew\u00e4hrleistet. Ob von <strong data-start=\"333\" data-end=\"397\">On-Premise in die Cloud, von Legacy- zu modernen Datenbanken<\/strong> oder zwischen verschiedenen Unternehmensl\u00f6sungen \u2013 <strong data-start=\"449\" data-end=\"510\">PIKADMS garantiert Null-Ausfallzeiten und Datenintegrit\u00e4t<\/strong>.<\/p>\t\t\t\t\t\t\t\t<\/div>\n\t\t\t\t<\/div>\n\t\t\t\t<\/div>\n\t\t\t\t\t<\/div>\n\t\t\t\t<\/div>\n\t\t<div class=\"elementor-element elementor-element-f73a979 e-grid e-con-boxed e-con e-parent\" data-id=\"f73a979\" data-element_type=\"container\" data-e-type=\"container\">\n\t\t\t\t\t<div class=\"e-con-inner\">\n\t\t<div class=\"elementor-element elementor-element-de35271 e-con-full e-flex e-con e-child\" data-id=\"de35271\" data-element_type=\"container\" data-e-type=\"container\">\n\t\t\t\t<div class=\"elementor-element elementor-element-a4b80ba animated-fast elementor-invisible elementor-widget elementor-widget-elementskit-heading\" data-id=\"a4b80ba\" data-element_type=\"widget\" data-e-type=\"widget\" data-settings=\"{&quot;_animation&quot;:&quot;fadeIn&quot;,&quot;_animation_delay&quot;:100,&quot;ekit_we_effect_on&quot;:&quot;css&quot;}\" data-widget_type=\"elementskit-heading.default\">\n\t\t\t\t<div class=\"elementor-widget-container\">\n\t\t\t\t\t<div class=\"ekit-wid-con\" ><div class=\"ekit-heading elementskit-section-title-wraper text_left   ekit_heading_tablet-   ekit_heading_mobile-text_left\"><h2 class=\"ekit-heading--title elementskit-section-title \"><span><span>Hauptmerkmale:<\/span><\/span> <\/h2><\/div><\/div>\t\t\t\t<\/div>\n\t\t\t\t<\/div>\n\t\t<div class=\"elementor-element elementor-element-98316bc e-con-full e-flex e-con e-child\" data-id=\"98316bc\" data-element_type=\"container\" data-e-type=\"container\">\n\t\t\t\t<div class=\"elementor-element elementor-element-0970ca6 keydesign-h6 animated-fast elementor-invisible elementor-widget elementor-widget-elementskit-stylish-list\" data-id=\"0970ca6\" data-element_type=\"widget\" data-e-type=\"widget\" data-settings=\"{&quot;_animation&quot;:&quot;fadeIn&quot;,&quot;_animation_delay&quot;:300,&quot;ekit_we_effect_on&quot;:&quot;none&quot;}\" data-widget_type=\"elementskit-stylish-list.default\">\n\t\t\t\t<div class=\"elementor-widget-container\">\n\t\t\t\t\t<div class=\"ekit-wid-con\">\t\t<ul class=\"ekit-stylish-list \" >\n\t\t\t\t\t\t\t<li class=\"ekit-stylish-list-content-wrapper elementor-repeater-item-9176c3a\" >\n\t\t\t\t\t\t\t\t\t\t<div class=\"ekit-stylish-list-content\">\n\t\t\t\t\t\t\t\t\t\t\t\t\t\t\t\t\t\t\t<div class=\"ekit-stylish-list-content-icon\">\t\t\t\n\t\t\t\t\t\t\t\t<i aria-hidden=\"true\" class=\"icon icon-check\"><\/i>\t\t\t\n\t\t\t\t\t\t\t<\/div>\n\t\t\t\t\t\t\t\t\t\t\t\t\t\t\t\t\t\t<div class=\"ekit-stylish-list-content-text\">\n\t\t\t\t\t\t\t<span class=\"ekit-stylish-list-content-title\">Automatisierte &amp; manuelle Datenmigration \u2013 Unterst\u00fctzt strukturierte und unstrukturierte Daten<\/span>\n\t\t\t\t\t\t\t\t\t\t\t\t\t<\/div>\n\t\t\t\t\t\t\t\t\t\t\t<\/div>\n\t\t\t\t\t\n\t\t\t\t<\/li>\n\t\t\t\t\t\t\t\t\t\t\t<li class=\"ekit-stylish-list-content-wrapper elementor-repeater-item-aa8aca8\" >\n\t\t\t\t\t\t\t\t\t\t<div class=\"ekit-stylish-list-content\">\n\t\t\t\t\t\t\t\t\t\t\t\t\t\t\t\t\t\t\t<div class=\"ekit-stylish-list-content-icon\">\t\t\t\n\t\t\t\t\t\t\t\t<i aria-hidden=\"true\" class=\"icon icon-check\"><\/i>\t\t\t\n\t\t\t\t\t\t\t<\/div>\n\t\t\t\t\t\t\t\t\t\t\t\t\t\t\t\t\t\t<div class=\"ekit-stylish-list-content-text\">\n\t\t\t\t\t\t\t<span class=\"ekit-stylish-list-content-title\">Plattform\u00fcbergreifende Kompatibilit\u00e4t \u2013 Migriert Daten zwischen SQL, NoSQL, Cloud- und On-Premise-Systemen<\/span>\n\t\t\t\t\t\t\t\t\t\t\t\t\t<\/div>\n\t\t\t\t\t\t\t\t\t\t\t<\/div>\n\t\t\t\t\t\n\t\t\t\t<\/li>\n\t\t\t\t\t\t\t\t\t\t\t<li class=\"ekit-stylish-list-content-wrapper elementor-repeater-item-b4e5723\" >\n\t\t\t\t\t\t\t\t\t\t<div class=\"ekit-stylish-list-content\">\n\t\t\t\t\t\t\t\t\t\t\t\t\t\t\t\t\t\t\t<div class=\"ekit-stylish-list-content-icon\">\t\t\t\n\t\t\t\t\t\t\t\t<i aria-hidden=\"true\" class=\"icon icon-check\"><\/i>\t\t\t\n\t\t\t\t\t\t\t<\/div>\n\t\t\t\t\t\t\t\t\t\t\t\t\t\t\t\t\t\t<div class=\"ekit-stylish-list-content-text\">\n\t\t\t\t\t\t\t<span class=\"ekit-stylish-list-content-title\">Datenbereinigung &amp; -validierung \u2013 Gew\u00e4hrleistet hohe Datenqualit\u00e4t<\/span>\n\t\t\t\t\t\t\t\t\t\t\t\t\t<\/div>\n\t\t\t\t\t\t\t\t\t\t\t<\/div>\n\t\t\t\t\t\n\t\t\t\t<\/li>\n\t\t\t\t\t\t\t\t\t\t\t<li class=\"ekit-stylish-list-content-wrapper elementor-repeater-item-afc088e\" >\n\t\t\t\t\t\t\t\t\t\t<div class=\"ekit-stylish-list-content\">\n\t\t\t\t\t\t\t\t\t\t\t\t\t\t\t\t\t\t\t<div class=\"ekit-stylish-list-content-icon\">\t\t\t\n\t\t\t\t\t\t\t\t<i aria-hidden=\"true\" class=\"icon icon-check\"><\/i>\t\t\t\n\t\t\t\t\t\t\t<\/div>\n\t\t\t\t\t\t\t\t\t\t\t\t\t\t\t\t\t\t<div class=\"ekit-stylish-list-content-text\">\n\t\t\t\t\t\t\t<span class=\"ekit-stylish-list-content-title\">Minimale Ausfallzeiten \u2013 Fortschrittliche Synchronisationsmechanismen f\u00fcr nahtlose Umstellungen<\/span>\n\t\t\t\t\t\t\t\t\t\t\t\t\t<\/div>\n\t\t\t\t\t\t\t\t\t\t\t<\/div>\n\t\t\t\t\t\n\t\t\t\t<\/li>\n\t\t\t\t\t\t\t\t\t\t\t<li class=\"ekit-stylish-list-content-wrapper elementor-repeater-item-2ebc32e\" >\n\t\t\t\t\t\t\t\t\t\t<div class=\"ekit-stylish-list-content\">\n\t\t\t\t\t\t\t\t\t\t\t\t\t\t\t\t\t\t\t<div class=\"ekit-stylish-list-content-icon\">\t\t\t\n\t\t\t\t\t\t\t\t<i aria-hidden=\"true\" class=\"icon icon-check\"><\/i>\t\t\t\n\t\t\t\t\t\t\t<\/div>\n\t\t\t\t\t\t\t\t\t\t\t\t\t\t\t\t\t\t<div class=\"ekit-stylish-list-content-text\">\n\t\t\t\t\t\t\t<span class=\"ekit-stylish-list-content-title\">End-to-End-Sicherheit \u2013 Datenverschl\u00fcsselung und Einhaltung von DSGVO und PCI-DSS<\/span>\n\t\t\t\t\t\t\t\t\t\t\t\t\t<\/div>\n\t\t\t\t\t\t\t\t\t\t\t<\/div>\n\t\t\t\t\t\n\t\t\t\t<\/li>\n\t\t\t\t\t\t\t\t\t\t\t<li class=\"ekit-stylish-list-content-wrapper elementor-repeater-item-3f9b1f5\" >\n\t\t\t\t\t\t\t\t\t\t<div class=\"ekit-stylish-list-content\">\n\t\t\t\t\t\t\t\t\t\t\t\t\t\t\t\t\t\t\t<div class=\"ekit-stylish-list-content-icon\">\t\t\t\n\t\t\t\t\t\t\t\t<i aria-hidden=\"true\" class=\"icon icon-check\"><\/i>\t\t\t\n\t\t\t\t\t\t\t<\/div>\n\t\t\t\t\t\t\t\t\t\t\t\t\t\t\t\t\t\t<div class=\"ekit-stylish-list-content-text\">\n\t\t\t\t\t\t\t<span class=\"ekit-stylish-list-content-title\">Detailliertes Logging &amp; Reporting \u2013 Vollst\u00e4ndige Nachverfolgbarkeit der Migrationsprozesse<\/span>\n\t\t\t\t\t\t\t\t\t\t\t\t\t<\/div>\n\t\t\t\t\t\t\t\t\t\t\t<\/div>\n\t\t\t\t\t\n\t\t\t\t<\/li>\n\t\t\t\t\t\t\t\t\t<\/ul>\n\t<\/div>\t\t\t\t<\/div>\n\t\t\t\t<\/div>\n\t\t\t\t<\/div>\n\t\t\t\t<\/div>\n\t\t\t\t<div class=\"elementor-element elementor-element-5622484 elementor-widget elementor-widget-image\" data-id=\"5622484\" data-element_type=\"widget\" data-e-type=\"widget\" data-settings=\"{&quot;ekit_we_effect_on&quot;:&quot;none&quot;}\" data-widget_type=\"image.default\">\n\t\t\t\t<div class=\"elementor-widget-container\">\n\t\t\t\t\t\t\t\t\t\t\t\t\t\t\t<img fetchpriority=\"high\" decoding=\"async\" width=\"497\" height=\"505\" src=\"https:\/\/pika-tek.com\/v3\/wp-content\/uploads\/2025\/10\/data-migration.jpg\" class=\"attachment-large size-large wp-image-22204\" alt=\"\" srcset=\"https:\/\/pika-tek.com\/v3\/wp-content\/uploads\/2025\/10\/data-migration.jpg 497w, https:\/\/pika-tek.com\/v3\/wp-content\/uploads\/2025\/10\/data-migration-295x300.jpg 295w\" sizes=\"(max-width: 497px) 100vw, 497px\" \/>\t\t\t\t\t\t\t\t\t\t\t\t\t\t\t<\/div>\n\t\t\t\t<\/div>\n\t\t\t\t\t<\/div>\n\t\t\t\t<\/div>\n\t\t\t\t<\/div>\n\t\t","protected":false},"excerpt":{"rendered":"<p>PIKADMS \u2013 Datenmigrationsdienste PIKADMS ist ein unternehmensgerechter Datenmigrationsdienst, der sicheren, zuverl\u00e4ssigen und effizienten Transfer kritischer Gesch\u00e4ftsdaten zwischen Systemen, Datenbanken und Plattformen gew\u00e4hrleistet. Ob von On-Premise in die Cloud, von Legacy- zu modernen Datenbanken oder zwischen verschiedenen Unternehmensl\u00f6sungen \u2013 PIKADMS garantiert Null-Ausfallzeiten und Datenintegrit\u00e4t. Hauptmerkmale: Automatisierte &amp; manuelle Datenmigration \u2013 Unterst\u00fctzt strukturierte und unstrukturierte Daten Plattform\u00fcbergreifende [&hellip;]<\/p>\n","protected":false},"author":2,"featured_media":0,"parent":0,"menu_order":0,"comment_status":"closed","ping_status":"closed","template":"elementor_header_footer","meta":{"_eb_attr":"","footnotes":""},"class_list":["post-22399","page","type-page","status-publish","hentry"],"_links":{"self":[{"href":"https:\/\/pika-tek.com\/v3\/wp-json\/wp\/v2\/pages\/22399","targetHints":{"allow":["GET"]}}],"collection":[{"href":"https:\/\/pika-tek.com\/v3\/wp-json\/wp\/v2\/pages"}],"about":[{"href":"https:\/\/pika-tek.com\/v3\/wp-json\/wp\/v2\/types\/page"}],"author":[{"embeddable":true,"href":"https:\/\/pika-tek.com\/v3\/wp-json\/wp\/v2\/users\/2"}],"replies":[{"embeddable":true,"href":"https:\/\/pika-tek.com\/v3\/wp-json\/wp\/v2\/comments?post=22399"}],"version-history":[{"count":8,"href":"https:\/\/pika-tek.com\/v3\/wp-json\/wp\/v2\/pages\/22399\/revisions"}],"predecessor-version":[{"id":22543,"href":"https:\/\/pika-tek.com\/v3\/wp-json\/wp\/v2\/pages\/22399\/revisions\/22543"}],"wp:attachment":[{"href":"https:\/\/pika-tek.com\/v3\/wp-json\/wp\/v2\/media?parent=22399"}],"curies":[{"name":"wp","href":"https:\/\/api.w.org\/{rel}","templated":true}]}}