{"id":22388,"date":"2025-10-14T21:46:05","date_gmt":"2025-10-14T21:46:05","guid":{"rendered":"http:\/\/pikatek.local\/?page_id=22388"},"modified":"2025-10-15T07:39:45","modified_gmt":"2025-10-15T07:39:45","slug":"pikatek-systems-3","status":"publish","type":"page","link":"https:\/\/pika-tek.com\/v3\/de\/pikatek-systems-3\/","title":{"rendered":"PIKATEK SYSTEMS"},"content":{"rendered":"\t\t<div data-elementor-type=\"wp-page\" data-elementor-id=\"22388\" class=\"elementor elementor-22388\">\n\t\t\t\t<div class=\"elementor-element elementor-element-d1c37da e-flex e-con-boxed e-con e-parent\" data-id=\"d1c37da\" data-element_type=\"container\" data-e-type=\"container\">\n\t\t\t\t\t<div class=\"e-con-inner\">\n\t\t\t\t<div class=\"elementor-element elementor-element-628cff6 elementor-widget elementor-widget-heading\" data-id=\"628cff6\" data-element_type=\"widget\" data-e-type=\"widget\" data-settings=\"{&quot;ekit_we_effect_on&quot;:&quot;none&quot;}\" data-widget_type=\"heading.default\">\n\t\t\t\t<div class=\"elementor-widget-container\">\n\t\t\t\t\t<h2 class=\"elementor-heading-title elementor-size-default\">PIKATEK Systems <\/h2>\t\t\t\t<\/div>\n\t\t\t\t<\/div>\n\t\t\t\t<div class=\"elementor-element elementor-element-ebcd401 elementor-widget elementor-widget-heading\" data-id=\"ebcd401\" data-element_type=\"widget\" data-e-type=\"widget\" data-settings=\"{&quot;ekit_we_effect_on&quot;:&quot;none&quot;}\" data-widget_type=\"heading.default\">\n\t\t\t\t<div class=\"elementor-widget-container\">\n\t\t\t\t\t<h3 class=\"elementor-heading-title elementor-size-default\">Innovative, skalierbare und unternehmensgerechte L\u00f6sungen<\/h3>\t\t\t\t<\/div>\n\t\t\t\t<\/div>\n\t\t\t\t\t<\/div>\n\t\t\t\t<\/div>\n\t\t<div class=\"elementor-element elementor-element-a90e9ee e-grid e-con-boxed e-con e-parent\" data-id=\"a90e9ee\" data-element_type=\"container\" data-e-type=\"container\">\n\t\t\t\t\t<div class=\"e-con-inner\">\n\t\t<div class=\"elementor-element elementor-element-9864f6c e-con-full e-flex e-con e-child\" data-id=\"9864f6c\" data-element_type=\"container\" data-e-type=\"container\">\n\t\t\t\t<div class=\"elementor-element elementor-element-5a930ff animated-fast elementor-invisible elementor-widget elementor-widget-elementskit-heading\" data-id=\"5a930ff\" data-element_type=\"widget\" data-e-type=\"widget\" data-settings=\"{&quot;_animation&quot;:&quot;fadeIn&quot;,&quot;_animation_delay&quot;:100,&quot;ekit_we_effect_on&quot;:&quot;css&quot;}\" data-widget_type=\"elementskit-heading.default\">\n\t\t\t\t<div class=\"elementor-widget-container\">\n\t\t\t\t\t<div class=\"ekit-wid-con\" ><div class=\"ekit-heading elementskit-section-title-wraper text_left   ekit_heading_tablet-   ekit_heading_mobile-text_left\"><h3 class=\"ekit-heading--title elementskit-section-title \"><span><span>Warum PIKATEK Systems?<\/span><\/span><\/h3><\/div><\/div>\t\t\t\t<\/div>\n\t\t\t\t<\/div>\n\t\t<div class=\"elementor-element elementor-element-bec920f e-con-full e-flex e-con e-child\" data-id=\"bec920f\" data-element_type=\"container\" data-e-type=\"container\">\n\t\t\t\t<div class=\"elementor-element elementor-element-22869b8 keydesign-h6 animated-fast elementor-invisible elementor-widget elementor-widget-elementskit-stylish-list\" data-id=\"22869b8\" data-element_type=\"widget\" data-e-type=\"widget\" data-settings=\"{&quot;_animation&quot;:&quot;fadeIn&quot;,&quot;_animation_delay&quot;:300,&quot;ekit_we_effect_on&quot;:&quot;none&quot;}\" data-widget_type=\"elementskit-stylish-list.default\">\n\t\t\t\t<div class=\"elementor-widget-container\">\n\t\t\t\t\t<div class=\"ekit-wid-con\">\t\t<ul class=\"ekit-stylish-list \" >\n\t\t\t\t\t\t\t<li class=\"ekit-stylish-list-content-wrapper elementor-repeater-item-9176c3a\" >\n\t\t\t\t\t\t\t\t\t\t<div class=\"ekit-stylish-list-content\">\n\t\t\t\t\t\t\t\t\t\t\t\t\t\t\t\t\t\t\t<div class=\"ekit-stylish-list-content-icon\">\t\t\t\n\t\t\t\t\t\t\t\t<i aria-hidden=\"true\" class=\"icon icon-check\"><\/i>\t\t\t\n\t\t\t\t\t\t\t<\/div>\n\t\t\t\t\t\t\t\t\t\t\t\t\t\t\t\t\t\t<div class=\"ekit-stylish-list-content-text\">\n\t\t\t\t\t\t\t<span class=\"ekit-stylish-list-content-title\">Bew\u00e4hrte Expertise \u2013 Vertraut von Unternehmen, Telekommunikation und Services<\/span>\n\t\t\t\t\t\t\t\t\t\t\t\t\t<\/div>\n\t\t\t\t\t\t\t\t\t\t\t<\/div>\n\t\t\t\t\t\n\t\t\t\t<\/li>\n\t\t\t\t\t\t\t\t\t\t\t<li class=\"ekit-stylish-list-content-wrapper elementor-repeater-item-aa8aca8\" >\n\t\t\t\t\t\t\t\t\t\t<div class=\"ekit-stylish-list-content\">\n\t\t\t\t\t\t\t\t\t\t\t\t\t\t\t\t\t\t\t<div class=\"ekit-stylish-list-content-icon\">\t\t\t\n\t\t\t\t\t\t\t\t<i aria-hidden=\"true\" class=\"icon icon-check\"><\/i>\t\t\t\n\t\t\t\t\t\t\t<\/div>\n\t\t\t\t\t\t\t\t\t\t\t\t\t\t\t\t\t\t<div class=\"ekit-stylish-list-content-text\">\n\t\t\t\t\t\t\t<span class=\"ekit-stylish-list-content-title\">Modulare &amp; skalierbare L\u00f6sungen \u2013 zugeschnitten auf individuelle Gesch\u00e4ftsanforderungen<\/span>\n\t\t\t\t\t\t\t\t\t\t\t\t\t<\/div>\n\t\t\t\t\t\t\t\t\t\t\t<\/div>\n\t\t\t\t\t\n\t\t\t\t<\/li>\n\t\t\t\t\t\t\t\t\t\t\t<li class=\"ekit-stylish-list-content-wrapper elementor-repeater-item-b4e5723\" >\n\t\t\t\t\t\t\t\t\t\t<div class=\"ekit-stylish-list-content\">\n\t\t\t\t\t\t\t\t\t\t\t\t\t\t\t\t\t\t\t<div class=\"ekit-stylish-list-content-icon\">\t\t\t\n\t\t\t\t\t\t\t\t<i aria-hidden=\"true\" class=\"icon icon-check\"><\/i>\t\t\t\n\t\t\t\t\t\t\t<\/div>\n\t\t\t\t\t\t\t\t\t\t\t\t\t\t\t\t\t\t<div class=\"ekit-stylish-list-content-text\">\n\t\t\t\t\t\t\t<span class=\"ekit-stylish-list-content-title\">Nahtlose Integrationen \u2013 Funktioniert mit ERP, CRM, VoIP, Telekom und Abrechnungssystemen<\/span>\n\t\t\t\t\t\t\t\t\t\t\t\t\t<\/div>\n\t\t\t\t\t\t\t\t\t\t\t<\/div>\n\t\t\t\t\t\n\t\t\t\t<\/li>\n\t\t\t\t\t\t\t\t\t\t\t<li class=\"ekit-stylish-list-content-wrapper elementor-repeater-item-afc088e\" >\n\t\t\t\t\t\t\t\t\t\t<div class=\"ekit-stylish-list-content\">\n\t\t\t\t\t\t\t\t\t\t\t\t\t\t\t\t\t\t\t<div class=\"ekit-stylish-list-content-icon\">\t\t\t\n\t\t\t\t\t\t\t\t<i aria-hidden=\"true\" class=\"icon icon-check\"><\/i>\t\t\t\n\t\t\t\t\t\t\t<\/div>\n\t\t\t\t\t\t\t\t\t\t\t\t\t\t\t\t\t\t<div class=\"ekit-stylish-list-content-text\">\n\t\t\t\t\t\t\t<span class=\"ekit-stylish-list-content-title\">Hohe Leistung &amp; Sicherheit \u2013 Optimiert f\u00fcr hohe Arbeitslasten, Compliance und Datenschutz<\/span>\n\t\t\t\t\t\t\t\t\t\t\t\t\t<\/div>\n\t\t\t\t\t\t\t\t\t\t\t<\/div>\n\t\t\t\t\t\n\t\t\t\t<\/li>\n\t\t\t\t\t\t\t\t\t\t\t<li class=\"ekit-stylish-list-content-wrapper elementor-repeater-item-2ebc32e\" >\n\t\t\t\t\t\t\t\t\t\t<div class=\"ekit-stylish-list-content\">\n\t\t\t\t\t\t\t\t\t\t\t\t\t\t\t\t\t\t\t<div class=\"ekit-stylish-list-content-icon\">\t\t\t\n\t\t\t\t\t\t\t\t<i aria-hidden=\"true\" class=\"icon icon-check\"><\/i>\t\t\t\n\t\t\t\t\t\t\t<\/div>\n\t\t\t\t\t\t\t\t\t\t\t\t\t\t\t\t\t\t<div class=\"ekit-stylish-list-content-text\">\n\t\t\t\t\t\t\t<span class=\"ekit-stylish-list-content-title\">Mit PIKATEK Systems k\u00f6nnen Unternehmen Arbeitsabl\u00e4ufe automatisieren, Telekom-Operationen optimieren, die Kundenbindung verbessern und ihre Infrastruktur m\u00fchelos skalieren.<\/span>\n\t\t\t\t\t\t\t\t\t\t\t\t\t<\/div>\n\t\t\t\t\t\t\t\t\t\t\t<\/div>\n\t\t\t\t\t\n\t\t\t\t<\/li>\n\t\t\t\t\t\t\t\t\t<\/ul>\n\t<\/div>\t\t\t\t<\/div>\n\t\t\t\t<\/div>\n\t\t\t\t<\/div>\n\t\t\t\t<\/div>\n\t\t\t\t<div class=\"elementor-element elementor-element-b76aa4f elementor-widget elementor-widget-text-editor\" data-id=\"b76aa4f\" data-element_type=\"widget\" data-e-type=\"widget\" data-settings=\"{&quot;ekit_we_effect_on&quot;:&quot;none&quot;}\" data-widget_type=\"text-editor.default\">\n\t\t\t\t<div class=\"elementor-widget-container\">\n\t\t\t\t\t\t\t\t\t<p data-start=\"131\" data-end=\"573\">PIKATEK Systems ist eine <strong>technologiegetriebene Software-Suite<\/strong>, die entwickelt wurde, um <strong data-start=\"223\" data-end=\"258\">Gesch\u00e4ftsprozesse zu verbessern<\/strong>, die <strong data-start=\"264\" data-end=\"295\">Kommunikation zu optimieren<\/strong> und das <strong data-start=\"304\" data-end=\"346\">Datenmanagement effizient zu gestalten<\/strong>. Unsere L\u00f6sungen richten sich an <strong data-start=\"380\" data-end=\"463\">Telekommunikationsanbieter, Unternehmen und dienstleistungsorientierte Betriebe<\/strong> und bieten fortschrittliche <strong data-start=\"492\" data-end=\"570\">CRM, VoIP, SMS, Message-Broker, Data-Warehouse und Migrationsl\u00f6sungen<\/strong>.<\/p><p data-start=\"575\" data-end=\"915\">Mit einer <strong data-start=\"585\" data-end=\"677\">soliden Grundlage in Softwarearchitektur, Datenbankoptimierung und Telekom-Integrationen<\/strong> gew\u00e4hrleistet PIKATEK Systems <strong data-start=\"708\" data-end=\"756\">hohe Leistung, Sicherheit und Skalierbarkeit<\/strong>. Unsere modularen L\u00f6sungen integrieren sich nahtlos in bestehende Gesch\u00e4ftsprozesse und erm\u00f6glichen Unternehmen <strong data-start=\"869\" data-end=\"912\">Automatisierung, Effizienz und Wachstum<\/strong>.<\/p>\t\t\t\t\t\t\t\t<\/div>\n\t\t\t\t<\/div>\n\t\t\t\t\t<\/div>\n\t\t\t\t<\/div>\n\t\t<div class=\"elementor-element elementor-element-d8e4157 e-flex e-con-boxed e-con e-parent\" data-id=\"d8e4157\" data-element_type=\"container\" data-e-type=\"container\">\n\t\t\t\t\t<div class=\"e-con-inner\">\n\t\t\t\t<div class=\"elementor-element elementor-element-7fae195 elementor-widget elementor-widget-image\" data-id=\"7fae195\" data-element_type=\"widget\" data-e-type=\"widget\" data-settings=\"{&quot;ekit_we_effect_on&quot;:&quot;none&quot;}\" data-widget_type=\"image.default\">\n\t\t\t\t<div class=\"elementor-widget-container\">\n\t\t\t\t\t\t\t\t\t\t\t\t\t\t\t<img fetchpriority=\"high\" decoding=\"async\" width=\"1024\" height=\"606\" src=\"https:\/\/pika-tek.com\/v3\/wp-content\/uploads\/2025\/10\/PIKA_Systems-1536x909-2-1024x606.png\" class=\"attachment-large size-large wp-image-22218\" alt=\"\" srcset=\"https:\/\/pika-tek.com\/v3\/wp-content\/uploads\/2025\/10\/PIKA_Systems-1536x909-2-1024x606.png 1024w, https:\/\/pika-tek.com\/v3\/wp-content\/uploads\/2025\/10\/PIKA_Systems-1536x909-2-300x178.png 300w, https:\/\/pika-tek.com\/v3\/wp-content\/uploads\/2025\/10\/PIKA_Systems-1536x909-2-768x455.png 768w, https:\/\/pika-tek.com\/v3\/wp-content\/uploads\/2025\/10\/PIKA_Systems-1536x909-2-710x420.png 710w, https:\/\/pika-tek.com\/v3\/wp-content\/uploads\/2025\/10\/PIKA_Systems-1536x909-2.png 1536w\" sizes=\"(max-width: 1024px) 100vw, 1024px\" \/>\t\t\t\t\t\t\t\t\t\t\t\t\t\t\t<\/div>\n\t\t\t\t<\/div>\n\t\t\t\t\t<\/div>\n\t\t\t\t<\/div>\n\t\t\t\t<\/div>\n\t\t","protected":false},"excerpt":{"rendered":"<p>PIKATEK Systems Innovative, skalierbare und unternehmensgerechte L\u00f6sungen Warum PIKATEK Systems? Bew\u00e4hrte Expertise \u2013 Vertraut von Unternehmen, Telekommunikation und Services Modulare &amp; skalierbare L\u00f6sungen \u2013 zugeschnitten auf individuelle Gesch\u00e4ftsanforderungen Nahtlose Integrationen \u2013 Funktioniert mit ERP, CRM, VoIP, Telekom und Abrechnungssystemen Hohe Leistung &amp; Sicherheit \u2013 Optimiert f\u00fcr hohe Arbeitslasten, Compliance und Datenschutz Mit PIKATEK Systems k\u00f6nnen [&hellip;]<\/p>\n","protected":false},"author":2,"featured_media":0,"parent":0,"menu_order":0,"comment_status":"closed","ping_status":"closed","template":"elementor_header_footer","meta":{"_eb_attr":"","footnotes":""},"class_list":["post-22388","page","type-page","status-publish","hentry"],"_links":{"self":[{"href":"https:\/\/pika-tek.com\/v3\/wp-json\/wp\/v2\/pages\/22388","targetHints":{"allow":["GET"]}}],"collection":[{"href":"https:\/\/pika-tek.com\/v3\/wp-json\/wp\/v2\/pages"}],"about":[{"href":"https:\/\/pika-tek.com\/v3\/wp-json\/wp\/v2\/types\/page"}],"author":[{"embeddable":true,"href":"https:\/\/pika-tek.com\/v3\/wp-json\/wp\/v2\/users\/2"}],"replies":[{"embeddable":true,"href":"https:\/\/pika-tek.com\/v3\/wp-json\/wp\/v2\/comments?post=22388"}],"version-history":[{"count":5,"href":"https:\/\/pika-tek.com\/v3\/wp-json\/wp\/v2\/pages\/22388\/revisions"}],"predecessor-version":[{"id":22547,"href":"https:\/\/pika-tek.com\/v3\/wp-json\/wp\/v2\/pages\/22388\/revisions\/22547"}],"wp:attachment":[{"href":"https:\/\/pika-tek.com\/v3\/wp-json\/wp\/v2\/media?parent=22388"}],"curies":[{"name":"wp","href":"https:\/\/api.w.org\/{rel}","templated":true}]}}